{"id":988989,"date":"2024-10-05T06:47:46","date_gmt":"2024-10-05T06:47:46","guid":{"rendered":"https:\/\/brechtvandam.com\/produits\/"},"modified":"2024-11-01T10:26:23","modified_gmt":"2024-11-01T10:26:23","slug":"produits","status":"publish","type":"page","link":"https:\/\/brechtvandam.com\/fr\/a-propos-de-nous\/produits\/","title":{"rendered":"Produits"},"content":{"rendered":"\t\t<div data-elementor-type=\"wp-page\" data-elementor-id=\"988989\" class=\"elementor elementor-988989 elementor-988005\" data-elementor-post-type=\"page\">\n\t\t\t\t\t\t<section class=\"elementor-section elementor-top-section elementor-element elementor-element-10178b0 elementor-section-height-min-height elementor-section-boxed elementor-section-height-default elementor-section-items-middle\" data-id=\"10178b0\" data-element_type=\"section\" data-settings=\"{&quot;background_background&quot;:&quot;classic&quot;,&quot;background_motion_fx_motion_fx_scrolling&quot;:&quot;yes&quot;,&quot;background_motion_fx_translateY_effect&quot;:&quot;yes&quot;,&quot;background_motion_fx_devices&quot;:[&quot;desktop&quot;],&quot;background_motion_fx_translateY_speed&quot;:{&quot;unit&quot;:&quot;px&quot;,&quot;size&quot;:4,&quot;sizes&quot;:[]},&quot;background_motion_fx_translateY_affectedRange&quot;:{&quot;unit&quot;:&quot;%&quot;,&quot;size&quot;:&quot;&quot;,&quot;sizes&quot;:{&quot;start&quot;:0,&quot;end&quot;:100}}}\">\n\t\t\t\t\t\t<div class=\"elementor-container elementor-column-gap-no\">\n\t\t\t\t\t<div class=\"elementor-column elementor-col-50 elementor-top-column elementor-element elementor-element-b7d241c\" data-id=\"b7d241c\" data-element_type=\"column\" data-settings=\"{&quot;background_background&quot;:&quot;classic&quot;}\">\n\t\t\t<div class=\"elementor-widget-wrap elementor-element-populated\">\n\t\t\t\t\t\t<div class=\"elementor-element elementor-element-2feb251 elementor-widget__width-initial elementor-widget elementor-widget-heading\" data-id=\"2feb251\" data-element_type=\"widget\" data-widget_type=\"heading.default\">\n\t\t\t\t<div class=\"elementor-widget-container\">\n\t\t\t\t\t<h3 class=\"elementor-heading-title elementor-size-default\">Les produits naturels de Davines<\/h3>\t\t\t\t<\/div>\n\t\t\t\t<\/div>\n\t\t\t\t<div class=\"elementor-element elementor-element-fa4496c elementor-widget-divider--view-line elementor-widget elementor-widget-divider\" data-id=\"fa4496c\" data-element_type=\"widget\" data-widget_type=\"divider.default\">\n\t\t\t\t<div class=\"elementor-widget-container\">\n\t\t\t\t\t\t\t<div class=\"elementor-divider\">\n\t\t\t<span class=\"elementor-divider-separator\">\n\t\t\t\t\t\t<\/span>\n\t\t<\/div>\n\t\t\t\t\t\t<\/div>\n\t\t\t\t<\/div>\n\t\t\t\t<div class=\"elementor-element elementor-element-93a6468 elementor-widget elementor-widget-text-editor\" data-id=\"93a6468\" data-element_type=\"widget\" data-widget_type=\"text-editor.default\">\n\t\t\t\t<div class=\"elementor-widget-container\">\n\t\t\t\t\t\t\t\t\t<p>Nous choisissons consciemment les produits Davines parce qu&rsquo;ils combinent des ingr\u00e9dients naturels avec des performances de haute qualit\u00e9, pour des r\u00e9sultats sains et radieux sans nuire \u00e0 l&rsquo;environnement.<\/p>\n\t\t\t\t\t\t\t\t<\/div>\n\t\t\t\t<\/div>\n\t\t\t\t<div class=\"elementor-element elementor-element-3fd8eaa elementor-widget elementor-widget-button\" data-id=\"3fd8eaa\" data-element_type=\"widget\" data-widget_type=\"button.default\">\n\t\t\t\t<div class=\"elementor-widget-container\">\n\t\t\t\t\t\t\t\t\t<div class=\"elementor-button-wrapper\">\n\t\t\t\t\t<a class=\"elementor-button elementor-button-link elementor-size-sm\" href=\"https:\/\/salonkee.be\/salon\/brecht-van-dam-salon\" target=\"_blank\">\n\t\t\t\t\t\t<span class=\"elementor-button-content-wrapper\">\n\t\t\t\t\t\t\t\t\t<span class=\"elementor-button-text\">Prendre un rendez-vous<\/span>\n\t\t\t\t\t<\/span>\n\t\t\t\t\t<\/a>\n\t\t\t\t<\/div>\n\t\t\t\t\t\t\t\t<\/div>\n\t\t\t\t<\/div>\n\t\t\t\t\t<\/div>\n\t\t<\/div>\n\t\t\t\t<div class=\"elementor-column elementor-col-50 elementor-top-column elementor-element elementor-element-d32a32f elementor-hidden-tablet elementor-hidden-mobile\" data-id=\"d32a32f\" data-element_type=\"column\">\n\t\t\t<div class=\"elementor-widget-wrap\">\n\t\t\t\t\t\t\t<\/div>\n\t\t<\/div>\n\t\t\t\t\t<\/div>\n\t\t<\/section>\n\t\t\t\t<section class=\"elementor-section elementor-top-section elementor-element elementor-element-50c02b9 elementor-section-boxed elementor-section-height-default elementor-section-height-default\" data-id=\"50c02b9\" data-element_type=\"section\" data-settings=\"{&quot;background_background&quot;:&quot;classic&quot;}\">\n\t\t\t\t\t\t<div class=\"elementor-container elementor-column-gap-no\">\n\t\t\t\t\t<div class=\"elementor-column elementor-col-100 elementor-top-column elementor-element elementor-element-40f8f8b\" data-id=\"40f8f8b\" data-element_type=\"column\">\n\t\t\t<div class=\"elementor-widget-wrap elementor-element-populated\">\n\t\t\t\t\t\t<div class=\"elementor-element elementor-element-caad174 elementor-widget elementor-widget-heading\" data-id=\"caad174\" data-element_type=\"widget\" data-widget_type=\"heading.default\">\n\t\t\t\t<div class=\"elementor-widget-container\">\n\t\t\t\t\t<h2 class=\"elementor-heading-title elementor-size-default\">Pourquoi Davines ?<\/h2>\t\t\t\t<\/div>\n\t\t\t\t<\/div>\n\t\t\t\t\t<\/div>\n\t\t<\/div>\n\t\t\t\t\t<\/div>\n\t\t<\/section>\n\t\t\t\t<section class=\"elementor-section elementor-top-section elementor-element elementor-element-3dca5f2 elementor-section-boxed elementor-section-height-default elementor-section-height-default\" data-id=\"3dca5f2\" data-element_type=\"section\" data-settings=\"{&quot;background_background&quot;:&quot;classic&quot;}\">\n\t\t\t\t\t\t<div class=\"elementor-container elementor-column-gap-no\">\n\t\t\t\t\t<div class=\"elementor-column elementor-col-33 elementor-top-column elementor-element elementor-element-5455a05\" data-id=\"5455a05\" data-element_type=\"column\">\n\t\t\t<div class=\"elementor-widget-wrap elementor-element-populated\">\n\t\t\t\t\t\t<div class=\"elementor-element elementor-element-ba6c39a elementor-widget elementor-widget-image\" data-id=\"ba6c39a\" data-element_type=\"widget\" data-widget_type=\"image.default\">\n\t\t\t\t<div class=\"elementor-widget-container\">\n\t\t\t\t\t\t\t\t\t\t\t\t\t\t\t<img fetchpriority=\"high\" decoding=\"async\" width=\"903\" height=\"856\" src=\"https:\/\/brechtvandam.com\/wp-content\/uploads\/2024\/10\/Scherm\u00adafbeelding-2024-10-04-om-10.08.21.png\" class=\"attachment-large size-large wp-image-988028\" alt=\"\" srcset=\"https:\/\/brechtvandam.com\/wp-content\/uploads\/2024\/10\/Scherm\u00adafbeelding-2024-10-04-om-10.08.21.png 903w, https:\/\/brechtvandam.com\/wp-content\/uploads\/2024\/10\/Scherm\u00adafbeelding-2024-10-04-om-10.08.21-300x284.png 300w, https:\/\/brechtvandam.com\/wp-content\/uploads\/2024\/10\/Scherm\u00adafbeelding-2024-10-04-om-10.08.21-768x728.png 768w\" sizes=\"(max-width: 903px) 100vw, 903px\" \/>\t\t\t\t\t\t\t\t\t\t\t\t\t\t\t<\/div>\n\t\t\t\t<\/div>\n\t\t\t\t<div class=\"elementor-element elementor-element-797dcb2 elementor-widget elementor-widget-heading\" data-id=\"797dcb2\" data-element_type=\"widget\" data-widget_type=\"heading.default\">\n\t\t\t\t<div class=\"elementor-widget-container\">\n\t\t\t\t\t<h4 class=\"elementor-heading-title elementor-size-default\">Durabilit\u00e9 et environnement<\/h4>\t\t\t\t<\/div>\n\t\t\t\t<\/div>\n\t\t\t\t<div class=\"elementor-element elementor-element-f6b9fa6 elementor-widget elementor-widget-text-editor\" data-id=\"f6b9fa6\" data-element_type=\"widget\" data-widget_type=\"text-editor.default\">\n\t\t\t\t<div class=\"elementor-widget-container\">\n\t\t\t\t\t\t\t\t\t<p>Davines s&rsquo;engage dans des processus de production respectueux de l&rsquo;environnement, ce qui est en accord avec les valeurs de Brecht qui consiste \u00e0 traiter les cheveux et l&rsquo;environnement avec soin.<\/p>\n\t\t\t\t\t\t\t\t<\/div>\n\t\t\t\t<\/div>\n\t\t\t\t\t<\/div>\n\t\t<\/div>\n\t\t\t\t<div class=\"elementor-column elementor-col-33 elementor-top-column elementor-element elementor-element-66d2a3d\" data-id=\"66d2a3d\" data-element_type=\"column\">\n\t\t\t<div class=\"elementor-widget-wrap elementor-element-populated\">\n\t\t\t\t\t\t<div class=\"elementor-element elementor-element-4078b7c elementor-widget elementor-widget-image\" data-id=\"4078b7c\" data-element_type=\"widget\" data-widget_type=\"image.default\">\n\t\t\t\t<div class=\"elementor-widget-container\">\n\t\t\t\t\t\t\t\t\t\t\t\t\t\t\t<img decoding=\"async\" width=\"910\" height=\"865\" src=\"https:\/\/brechtvandam.com\/wp-content\/uploads\/2024\/10\/Davines-1.webp\" class=\"attachment-large size-large wp-image-988029\" alt=\"\" srcset=\"https:\/\/brechtvandam.com\/wp-content\/uploads\/2024\/10\/Davines-1.webp 910w, https:\/\/brechtvandam.com\/wp-content\/uploads\/2024\/10\/Davines-1-300x285.webp 300w, https:\/\/brechtvandam.com\/wp-content\/uploads\/2024\/10\/Davines-1-768x730.webp 768w\" sizes=\"(max-width: 910px) 100vw, 910px\" \/>\t\t\t\t\t\t\t\t\t\t\t\t\t\t\t<\/div>\n\t\t\t\t<\/div>\n\t\t\t\t<div class=\"elementor-element elementor-element-460351e elementor-widget elementor-widget-heading\" data-id=\"460351e\" data-element_type=\"widget\" data-widget_type=\"heading.default\">\n\t\t\t\t<div class=\"elementor-widget-container\">\n\t\t\t\t\t<h4 class=\"elementor-heading-title elementor-size-default\">Ingr\u00e9dients naturels<\/h4>\t\t\t\t<\/div>\n\t\t\t\t<\/div>\n\t\t\t\t<div class=\"elementor-element elementor-element-0fa27d3 elementor-widget elementor-widget-text-editor\" data-id=\"0fa27d3\" data-element_type=\"widget\" data-widget_type=\"text-editor.default\">\n\t\t\t\t<div class=\"elementor-widget-container\">\n\t\t\t\t\t\t\t\t\t<p>Les produits Davines sont fabriqu\u00e9s \u00e0 partir d&rsquo;ingr\u00e9dients durables et naturels, ce qui cadre bien avec l&rsquo;accent mis sur les soins capillaires sans produits chimiques nocifs.<\/p>\n\t\t\t\t\t\t\t\t<\/div>\n\t\t\t\t<\/div>\n\t\t\t\t\t<\/div>\n\t\t<\/div>\n\t\t\t\t<div class=\"elementor-column elementor-col-33 elementor-top-column elementor-element elementor-element-fc52496\" data-id=\"fc52496\" data-element_type=\"column\">\n\t\t\t<div class=\"elementor-widget-wrap elementor-element-populated\">\n\t\t\t\t\t\t<div class=\"elementor-element elementor-element-7c2d979 elementor-widget elementor-widget-image\" data-id=\"7c2d979\" data-element_type=\"widget\" data-widget_type=\"image.default\">\n\t\t\t\t<div class=\"elementor-widget-container\">\n\t\t\t\t\t\t\t\t\t\t\t\t\t\t\t<img decoding=\"async\" width=\"906\" height=\"865\" src=\"https:\/\/brechtvandam.com\/wp-content\/uploads\/2024\/10\/Davines-Producten.webp\" class=\"attachment-large size-large wp-image-988030\" alt=\"\" srcset=\"https:\/\/brechtvandam.com\/wp-content\/uploads\/2024\/10\/Davines-Producten.webp 906w, https:\/\/brechtvandam.com\/wp-content\/uploads\/2024\/10\/Davines-Producten-300x286.webp 300w, https:\/\/brechtvandam.com\/wp-content\/uploads\/2024\/10\/Davines-Producten-768x733.webp 768w\" sizes=\"(max-width: 906px) 100vw, 906px\" \/>\t\t\t\t\t\t\t\t\t\t\t\t\t\t\t<\/div>\n\t\t\t\t<\/div>\n\t\t\t\t<div class=\"elementor-element elementor-element-cb58a0f elementor-widget elementor-widget-heading\" data-id=\"cb58a0f\" data-element_type=\"widget\" data-widget_type=\"heading.default\">\n\t\t\t\t<div class=\"elementor-widget-container\">\n\t\t\t\t\t<h4 class=\"elementor-heading-title elementor-size-default\">Des r\u00e9sultats de haute qualit\u00e9<\/h4>\t\t\t\t<\/div>\n\t\t\t\t<\/div>\n\t\t\t\t<div class=\"elementor-element elementor-element-89d0da1 elementor-widget elementor-widget-text-editor\" data-id=\"89d0da1\" data-element_type=\"widget\" data-widget_type=\"text-editor.default\">\n\t\t\t\t<div class=\"elementor-widget-container\">\n\t\t\t\t\t\t\t\t\t<p>Les produits Davines offrent des r\u00e9sultats constants et de haute qualit\u00e9, essentiels pour les techniques professionnelles de coiffure et de coloration.<\/p>\n\t\t\t\t\t\t\t\t<\/div>\n\t\t\t\t<\/div>\n\t\t\t\t\t<\/div>\n\t\t<\/div>\n\t\t\t\t\t<\/div>\n\t\t<\/section>\n\t\t\t\t<\/div>\n\t\t","protected":false},"excerpt":{"rendered":"<p>Nous travaillons exclusivement avec les produits naturels de haute qualit\u00e9 de Davines pour offrir le meilleur soin \u00e0 vos cheveux et \u00e0 l&rsquo;environnement.<\/p>\n","protected":false},"author":1,"featured_media":0,"parent":989023,"menu_order":0,"comment_status":"closed","ping_status":"closed","template":"","meta":{"footnotes":""},"class_list":["post-988989","page","type-page","status-publish","hentry"],"yoast_head":"<!-- This site is optimized with the Yoast SEO plugin v26.0 - https:\/\/yoast.com\/wordpress\/plugins\/seo\/ -->\n<title>Produits - Brecht van Dam<\/title>\n<meta name=\"description\" content=\"D\u00e9couvrez les produits naturels Davines au salon Brecht van Dam, votre coiffeur \u00e0 Bruxelles, pour le soin et le style.\" \/>\n<meta name=\"robots\" content=\"index, follow, max-snippet:-1, max-image-preview:large, max-video-preview:-1\" \/>\n<link rel=\"canonical\" href=\"https:\/\/brechtvandam.com\/fr\/a-propos-de-nous\/produits\/\" \/>\n<meta property=\"og:locale\" content=\"fr_FR\" \/>\n<meta property=\"og:type\" content=\"article\" \/>\n<meta property=\"og:title\" content=\"Produits - Brecht van Dam\" \/>\n<meta property=\"og:description\" content=\"D\u00e9couvrez les produits naturels Davines au salon Brecht van Dam, votre coiffeur \u00e0 Bruxelles, pour le soin et le style.\" \/>\n<meta property=\"og:url\" content=\"https:\/\/brechtvandam.com\/fr\/a-propos-de-nous\/produits\/\" \/>\n<meta property=\"og:site_name\" content=\"Brecht van Dam\" \/>\n<meta property=\"article:modified_time\" content=\"2024-11-01T10:26:23+00:00\" \/>\n<meta property=\"og:image\" content=\"https:\/\/brechtvandam.com\/wp-content\/uploads\/2024\/10\/Davines-1.webp\" \/>\n<meta name=\"twitter:card\" content=\"summary_large_image\" \/>\n<meta name=\"twitter:label1\" content=\"Dur\u00e9e de lecture estim\u00e9e\" \/>\n\t<meta name=\"twitter:data1\" content=\"1 minute\" \/>\n<script type=\"application\/ld+json\" class=\"yoast-schema-graph\">{\"@context\":\"https:\/\/schema.org\",\"@graph\":[{\"@type\":\"WebPage\",\"@id\":\"https:\/\/brechtvandam.com\/fr\/a-propos-de-nous\/produits\/\",\"url\":\"https:\/\/brechtvandam.com\/fr\/a-propos-de-nous\/produits\/\",\"name\":\"Produits - Brecht van Dam\",\"isPartOf\":{\"@id\":\"https:\/\/brechtvandam.com\/#website\"},\"primaryImageOfPage\":{\"@id\":\"https:\/\/brechtvandam.com\/fr\/a-propos-de-nous\/produits\/#primaryimage\"},\"image\":{\"@id\":\"https:\/\/brechtvandam.com\/fr\/a-propos-de-nous\/produits\/#primaryimage\"},\"thumbnailUrl\":\"https:\/\/brechtvandam.com\/wp-content\/uploads\/2024\/10\/Davines-1.webp\",\"datePublished\":\"2024-10-05T06:47:46+00:00\",\"dateModified\":\"2024-11-01T10:26:23+00:00\",\"description\":\"D\u00e9couvrez les produits naturels Davines au salon Brecht van Dam, votre coiffeur \u00e0 Bruxelles, pour le soin et le style.\",\"breadcrumb\":{\"@id\":\"https:\/\/brechtvandam.com\/fr\/a-propos-de-nous\/produits\/#breadcrumb\"},\"inLanguage\":\"fr-FR\",\"potentialAction\":[{\"@type\":\"ReadAction\",\"target\":[\"https:\/\/brechtvandam.com\/fr\/a-propos-de-nous\/produits\/\"]}]},{\"@type\":\"ImageObject\",\"inLanguage\":\"fr-FR\",\"@id\":\"https:\/\/brechtvandam.com\/fr\/a-propos-de-nous\/produits\/#primaryimage\",\"url\":\"https:\/\/brechtvandam.com\/wp-content\/uploads\/2024\/10\/Davines-1.webp\",\"contentUrl\":\"https:\/\/brechtvandam.com\/wp-content\/uploads\/2024\/10\/Davines-1.webp\"},{\"@type\":\"BreadcrumbList\",\"@id\":\"https:\/\/brechtvandam.com\/fr\/a-propos-de-nous\/produits\/#breadcrumb\",\"itemListElement\":[{\"@type\":\"ListItem\",\"position\":1,\"name\":\"Home\",\"item\":\"https:\/\/brechtvandam.com\/\"},{\"@type\":\"ListItem\",\"position\":2,\"name\":\"A propos de nous\",\"item\":\"https:\/\/brechtvandam.com\/fr\/a-propos-de-nous\/\"},{\"@type\":\"ListItem\",\"position\":3,\"name\":\"Produits\"}]},{\"@type\":\"WebSite\",\"@id\":\"https:\/\/brechtvandam.com\/#website\",\"url\":\"https:\/\/brechtvandam.com\/\",\"name\":\"Brecht van Dam\",\"description\":\"Salon in Brussel\",\"publisher\":{\"@id\":\"https:\/\/brechtvandam.com\/#organization\"},\"potentialAction\":[{\"@type\":\"SearchAction\",\"target\":{\"@type\":\"EntryPoint\",\"urlTemplate\":\"https:\/\/brechtvandam.com\/?s={search_term_string}\"},\"query-input\":{\"@type\":\"PropertyValueSpecification\",\"valueRequired\":true,\"valueName\":\"search_term_string\"}}],\"inLanguage\":\"fr-FR\"},{\"@type\":\"Organization\",\"@id\":\"https:\/\/brechtvandam.com\/#organization\",\"name\":\"Brecht van Dam\",\"url\":\"https:\/\/brechtvandam.com\/\",\"logo\":{\"@type\":\"ImageObject\",\"inLanguage\":\"fr-FR\",\"@id\":\"https:\/\/brechtvandam.com\/#\/schema\/logo\/image\/\",\"url\":\"https:\/\/brechtvandam.com\/wp-content\/uploads\/2023\/01\/Brecht-van-Dam-Logo.webp\",\"contentUrl\":\"https:\/\/brechtvandam.com\/wp-content\/uploads\/2023\/01\/Brecht-van-Dam-Logo.webp\",\"width\":799,\"height\":327,\"caption\":\"Brecht van Dam\"},\"image\":{\"@id\":\"https:\/\/brechtvandam.com\/#\/schema\/logo\/image\/\"}}]}<\/script>\n<!-- \/ Yoast SEO plugin. -->","yoast_head_json":{"title":"Produits - Brecht van Dam","description":"D\u00e9couvrez les produits naturels Davines au salon Brecht van Dam, votre coiffeur \u00e0 Bruxelles, pour le soin et le style.","robots":{"index":"index","follow":"follow","max-snippet":"max-snippet:-1","max-image-preview":"max-image-preview:large","max-video-preview":"max-video-preview:-1"},"canonical":"https:\/\/brechtvandam.com\/fr\/a-propos-de-nous\/produits\/","og_locale":"fr_FR","og_type":"article","og_title":"Produits - Brecht van Dam","og_description":"D\u00e9couvrez les produits naturels Davines au salon Brecht van Dam, votre coiffeur \u00e0 Bruxelles, pour le soin et le style.","og_url":"https:\/\/brechtvandam.com\/fr\/a-propos-de-nous\/produits\/","og_site_name":"Brecht van Dam","article_modified_time":"2024-11-01T10:26:23+00:00","og_image":[{"url":"https:\/\/brechtvandam.com\/wp-content\/uploads\/2024\/10\/Davines-1.webp","type":"","width":"","height":""}],"twitter_card":"summary_large_image","twitter_misc":{"Dur\u00e9e de lecture estim\u00e9e":"1 minute"},"schema":{"@context":"https:\/\/schema.org","@graph":[{"@type":"WebPage","@id":"https:\/\/brechtvandam.com\/fr\/a-propos-de-nous\/produits\/","url":"https:\/\/brechtvandam.com\/fr\/a-propos-de-nous\/produits\/","name":"Produits - Brecht van Dam","isPartOf":{"@id":"https:\/\/brechtvandam.com\/#website"},"primaryImageOfPage":{"@id":"https:\/\/brechtvandam.com\/fr\/a-propos-de-nous\/produits\/#primaryimage"},"image":{"@id":"https:\/\/brechtvandam.com\/fr\/a-propos-de-nous\/produits\/#primaryimage"},"thumbnailUrl":"https:\/\/brechtvandam.com\/wp-content\/uploads\/2024\/10\/Davines-1.webp","datePublished":"2024-10-05T06:47:46+00:00","dateModified":"2024-11-01T10:26:23+00:00","description":"D\u00e9couvrez les produits naturels Davines au salon Brecht van Dam, votre coiffeur \u00e0 Bruxelles, pour le soin et le style.","breadcrumb":{"@id":"https:\/\/brechtvandam.com\/fr\/a-propos-de-nous\/produits\/#breadcrumb"},"inLanguage":"fr-FR","potentialAction":[{"@type":"ReadAction","target":["https:\/\/brechtvandam.com\/fr\/a-propos-de-nous\/produits\/"]}]},{"@type":"ImageObject","inLanguage":"fr-FR","@id":"https:\/\/brechtvandam.com\/fr\/a-propos-de-nous\/produits\/#primaryimage","url":"https:\/\/brechtvandam.com\/wp-content\/uploads\/2024\/10\/Davines-1.webp","contentUrl":"https:\/\/brechtvandam.com\/wp-content\/uploads\/2024\/10\/Davines-1.webp"},{"@type":"BreadcrumbList","@id":"https:\/\/brechtvandam.com\/fr\/a-propos-de-nous\/produits\/#breadcrumb","itemListElement":[{"@type":"ListItem","position":1,"name":"Home","item":"https:\/\/brechtvandam.com\/"},{"@type":"ListItem","position":2,"name":"A propos de nous","item":"https:\/\/brechtvandam.com\/fr\/a-propos-de-nous\/"},{"@type":"ListItem","position":3,"name":"Produits"}]},{"@type":"WebSite","@id":"https:\/\/brechtvandam.com\/#website","url":"https:\/\/brechtvandam.com\/","name":"Brecht van Dam","description":"Salon in Brussel","publisher":{"@id":"https:\/\/brechtvandam.com\/#organization"},"potentialAction":[{"@type":"SearchAction","target":{"@type":"EntryPoint","urlTemplate":"https:\/\/brechtvandam.com\/?s={search_term_string}"},"query-input":{"@type":"PropertyValueSpecification","valueRequired":true,"valueName":"search_term_string"}}],"inLanguage":"fr-FR"},{"@type":"Organization","@id":"https:\/\/brechtvandam.com\/#organization","name":"Brecht van Dam","url":"https:\/\/brechtvandam.com\/","logo":{"@type":"ImageObject","inLanguage":"fr-FR","@id":"https:\/\/brechtvandam.com\/#\/schema\/logo\/image\/","url":"https:\/\/brechtvandam.com\/wp-content\/uploads\/2023\/01\/Brecht-van-Dam-Logo.webp","contentUrl":"https:\/\/brechtvandam.com\/wp-content\/uploads\/2023\/01\/Brecht-van-Dam-Logo.webp","width":799,"height":327,"caption":"Brecht van Dam"},"image":{"@id":"https:\/\/brechtvandam.com\/#\/schema\/logo\/image\/"}}]}},"_links":{"self":[{"href":"https:\/\/brechtvandam.com\/fr\/wp-json\/wp\/v2\/pages\/988989","targetHints":{"allow":["GET"]}}],"collection":[{"href":"https:\/\/brechtvandam.com\/fr\/wp-json\/wp\/v2\/pages"}],"about":[{"href":"https:\/\/brechtvandam.com\/fr\/wp-json\/wp\/v2\/types\/page"}],"author":[{"embeddable":true,"href":"https:\/\/brechtvandam.com\/fr\/wp-json\/wp\/v2\/users\/1"}],"replies":[{"embeddable":true,"href":"https:\/\/brechtvandam.com\/fr\/wp-json\/wp\/v2\/comments?post=988989"}],"version-history":[{"count":0,"href":"https:\/\/brechtvandam.com\/fr\/wp-json\/wp\/v2\/pages\/988989\/revisions"}],"up":[{"embeddable":true,"href":"https:\/\/brechtvandam.com\/fr\/wp-json\/wp\/v2\/pages\/989023"}],"wp:attachment":[{"href":"https:\/\/brechtvandam.com\/fr\/wp-json\/wp\/v2\/media?parent=988989"}],"curies":[{"name":"wp","href":"https:\/\/api.w.org\/{rel}","templated":true}]}}