{"id":989016,"date":"2023-02-20T12:11:28","date_gmt":"2023-02-20T12:11:28","guid":{"rendered":"https:\/\/brechtvandam.com\/rejoignez-notre-equipe\/"},"modified":"2025-08-28T15:01:18","modified_gmt":"2025-08-28T15:01:18","slug":"rejoignez-notre-equipe","status":"publish","type":"page","link":"https:\/\/brechtvandam.com\/fr\/a-propos-de-nous\/rejoignez-notre-equipe\/","title":{"rendered":"Rejoignez notre \u00e9quipe"},"content":{"rendered":"\t\t<div data-elementor-type=\"wp-page\" data-elementor-id=\"989016\" class=\"elementor elementor-989016 elementor-1704\" data-elementor-post-type=\"page\">\n\t\t\t\t\t\t<section class=\"elementor-section elementor-top-section elementor-element elementor-element-acd59d0 elementor-section-boxed elementor-section-height-default elementor-section-height-default\" data-id=\"acd59d0\" data-element_type=\"section\">\n\t\t\t\t\t\t<div class=\"elementor-container elementor-column-gap-no\">\n\t\t\t\t\t<div class=\"elementor-column elementor-col-100 elementor-top-column elementor-element elementor-element-1cd04e7\" data-id=\"1cd04e7\" data-element_type=\"column\">\n\t\t\t<div class=\"elementor-widget-wrap elementor-element-populated\">\n\t\t\t\t\t\t<div class=\"elementor-element elementor-element-d61186c elementor-widget elementor-widget-heading\" data-id=\"d61186c\" data-element_type=\"widget\" data-widget_type=\"heading.default\">\n\t\t\t\t<div class=\"elementor-widget-container\">\n\t\t\t\t\t<h2 class=\"elementor-heading-title elementor-size-default\">Un salon de coiffure coworking ax\u00e9 sur le concept, pour les professionnels ind\u00e9pendants de la coiffure et de la beaut\u00e9<\/h2>\t\t\t\t<\/div>\n\t\t\t\t<\/div>\n\t\t\t\t<div class=\"elementor-element elementor-element-4f52e70 elementor-widget elementor-widget-text-editor\" data-id=\"4f52e70\" data-element_type=\"widget\" data-widget_type=\"text-editor.default\">\n\t\t\t\t<div class=\"elementor-widget-container\">\n\t\t\t\t\t\t\t\t\t<p data-start=\"1155\" data-end=\"1386\">Chez <em data-start=\"1160\" data-end=\"1185\">Salon by Brecht Van Dam<\/em>, nous accueillons des professionnels ind\u00e9pendants de la coiffure et de la beaut\u00e9 dans un espace de coworking conceptuel o\u00f9 la cr\u00e9ativit\u00e9, le savoir-faire et la libert\u00e9 artistique passent avant tout.<\/p><p data-start=\"1388\" data-end=\"1644\">Que vous travailliez depuis l\u2019une de nos stations de coiffure premium, exposiez votre art dans notre galerie ou organisiez un \u00e9v\u00e9nement inspirant, <em data-start=\"1535\" data-end=\"1542\">Salon<\/em> est con\u00e7u pour mettre en valeur votre individualit\u00e9 et favoriser votre d\u00e9veloppement professionnel.<\/p><p data-start=\"1646\" data-end=\"1993\"><strong>Veuillez noter :<\/strong> nous travaillons exclusivement avec un mod\u00e8le de location de fauteuil. Cela signifie que tous les professionnels exercent de mani\u00e8re ind\u00e9pendante et ne sont pas salari\u00e9s. Si vous postulez ou demandez des informations, assurez-vous d\u2019\u00eatre int\u00e9ress\u00e9 par un travail en tant que coiffeur ind\u00e9pendant au sein de notre espace partag\u00e9.<\/p><p data-start=\"1995\" data-end=\"2104\">Rejoignez un lieu qui honore la beaut\u00e9 comme un art, o\u00f9 le talent authentique rencontre un design r\u00e9fl\u00e9chi.<\/p>\t\t\t\t\t\t\t\t<\/div>\n\t\t\t\t<\/div>\n\t\t\t\t<div class=\"elementor-element elementor-element-524beb9 elementor-widget elementor-widget-button\" data-id=\"524beb9\" data-element_type=\"widget\" data-widget_type=\"button.default\">\n\t\t\t\t<div class=\"elementor-widget-container\">\n\t\t\t\t\t\t\t\t\t<div class=\"elementor-button-wrapper\">\n\t\t\t\t\t<a class=\"elementor-button elementor-button-link elementor-size-sm\" href=\"#team\">\n\t\t\t\t\t\t<span class=\"elementor-button-content-wrapper\">\n\t\t\t\t\t\t\t\t\t<span class=\"elementor-button-text\">Get in touch<\/span>\n\t\t\t\t\t<\/span>\n\t\t\t\t\t<\/a>\n\t\t\t\t<\/div>\n\t\t\t\t\t\t\t\t<\/div>\n\t\t\t\t<\/div>\n\t\t\t\t\t<\/div>\n\t\t<\/div>\n\t\t\t\t\t<\/div>\n\t\t<\/section>\n\t\t\t\t<section class=\"elementor-section elementor-top-section elementor-element elementor-element-dcad81b elementor-section-height-min-height elementor-section-items-stretch elementor-section-content-bottom elementor-section-boxed elementor-section-height-default\" data-id=\"dcad81b\" data-element_type=\"section\" data-settings=\"{&quot;background_background&quot;:&quot;classic&quot;}\">\n\t\t\t\t\t\t<div class=\"elementor-container elementor-column-gap-no\">\n\t\t\t\t\t<div class=\"elementor-column elementor-col-100 elementor-top-column elementor-element elementor-element-b560990\" data-id=\"b560990\" data-element_type=\"column\">\n\t\t\t<div class=\"elementor-widget-wrap\">\n\t\t\t\t\t\t\t<\/div>\n\t\t<\/div>\n\t\t\t\t\t<\/div>\n\t\t<\/section>\n\t\t\t\t<section class=\"elementor-section elementor-top-section elementor-element elementor-element-a69735e elementor-section-boxed elementor-section-height-default elementor-section-height-default\" data-id=\"a69735e\" data-element_type=\"section\" id=\"team\">\n\t\t\t\t\t\t<div class=\"elementor-container elementor-column-gap-no\">\n\t\t\t\t\t<div class=\"elementor-column elementor-col-100 elementor-top-column elementor-element elementor-element-7e2cf87\" data-id=\"7e2cf87\" data-element_type=\"column\">\n\t\t\t<div class=\"elementor-widget-wrap elementor-element-populated\">\n\t\t\t\t\t\t<div class=\"elementor-element elementor-element-87f066e elementor-widget elementor-widget-heading\" data-id=\"87f066e\" data-element_type=\"widget\" data-widget_type=\"heading.default\">\n\t\t\t\t<div class=\"elementor-widget-container\">\n\t\t\t\t\t<h6 class=\"elementor-heading-title elementor-size-default\">Venez rejoindre notre \u00e9quipe -<\/h6>\t\t\t\t<\/div>\n\t\t\t\t<\/div>\n\t\t\t\t<div class=\"elementor-element elementor-element-1ca38a1 elementor-widget elementor-widget-heading\" data-id=\"1ca38a1\" data-element_type=\"widget\" data-widget_type=\"heading.default\">\n\t\t\t\t<div class=\"elementor-widget-container\">\n\t\t\t\t\t<h2 class=\"elementor-heading-title elementor-size-default\">Postulez aujourd'hui<\/h2>\t\t\t\t<\/div>\n\t\t\t\t<\/div>\n\t\t\t\t<div class=\"elementor-element elementor-element-2a8c5f6 elementor-button-align-start elementor-widget elementor-widget-form\" data-id=\"2a8c5f6\" data-element_type=\"widget\" data-settings=\"{&quot;step_next_label&quot;:&quot;Suivant&quot;,&quot;step_previous_label&quot;:&quot;Pr\\u00e9c\\u00e9dent&quot;,&quot;button_width&quot;:&quot;100&quot;,&quot;step_type&quot;:&quot;number_text&quot;,&quot;step_icon_shape&quot;:&quot;circle&quot;}\" data-widget_type=\"form.default\">\n\t\t\t\t<div class=\"elementor-widget-container\">\n\t\t\t\t\t\t\t<form class=\"elementor-form\" method=\"post\" name=\"Formulaire de la page Rejoindre l&#039;\u00e9quipe\" aria-label=\"Formulaire de la page Rejoindre l&#039;\u00e9quipe\">\n\t\t\t<input type=\"hidden\" name=\"post_id\" value=\"989016\"\/>\n\t\t\t<input type=\"hidden\" name=\"form_id\" value=\"2a8c5f6\"\/>\n\t\t\t<input type=\"hidden\" name=\"referer_title\" value=\"Rejoignez notre \u00e9quipe - Brecht van Dam\" \/>\n\n\t\t\t\t\t\t\t<input type=\"hidden\" name=\"queried_id\" value=\"989016\"\/>\n\t\t\t\n\t\t\t<div class=\"elementor-form-fields-wrapper elementor-labels-above\">\n\t\t\t\t\t\t\t\t<div class=\"elementor-field-type-text elementor-field-group elementor-column elementor-field-group-join_team_page_form_name elementor-col-33 elementor-field-required\">\n\t\t\t\t\t\t\t\t\t\t\t\t<label for=\"form-field-join_team_page_form_name\" class=\"elementor-field-label\">\n\t\t\t\t\t\t\t\tVotre nom\t\t\t\t\t\t\t<\/label>\n\t\t\t\t\t\t\t\t\t\t\t\t\t\t<input size=\"1\" type=\"text\" name=\"form_fields[join_team_page_form_name]\" id=\"form-field-join_team_page_form_name\" class=\"elementor-field elementor-size-sm  elementor-field-textual\" placeholder=\"Nom\" required=\"required\">\n\t\t\t\t\t\t\t\t\t\t\t<\/div>\n\t\t\t\t\t\t\t\t<div class=\"elementor-field-type-email elementor-field-group elementor-column elementor-field-group-join_team_page_form_email elementor-col-33 elementor-field-required\">\n\t\t\t\t\t\t\t\t\t\t\t\t<label for=\"form-field-join_team_page_form_email\" class=\"elementor-field-label\">\n\t\t\t\t\t\t\t\tVotre adresse \u00e9lectronique\t\t\t\t\t\t\t<\/label>\n\t\t\t\t\t\t\t\t\t\t\t\t\t\t<input size=\"1\" type=\"email\" name=\"form_fields[join_team_page_form_email]\" id=\"form-field-join_team_page_form_email\" class=\"elementor-field elementor-size-sm  elementor-field-textual\" placeholder=\"Adresse \u00e9lectronique\" required=\"required\">\n\t\t\t\t\t\t\t\t\t\t\t<\/div>\n\t\t\t\t\t\t\t\t<div class=\"elementor-field-type-tel elementor-field-group elementor-column elementor-field-group-join_team_page_form_phone elementor-col-33 elementor-field-required\">\n\t\t\t\t\t\t\t\t\t\t\t\t<label for=\"form-field-join_team_page_form_phone\" class=\"elementor-field-label\">\n\t\t\t\t\t\t\t\tNum\u00e9ro de t\u00e9l\u00e9phone\t\t\t\t\t\t\t<\/label>\n\t\t\t\t\t\t\t\t<input size=\"1\" type=\"tel\" name=\"form_fields[join_team_page_form_phone]\" id=\"form-field-join_team_page_form_phone\" class=\"elementor-field elementor-size-sm  elementor-field-textual\" placeholder=\"Num\u00e9ro de t\u00e9l\u00e9phone\" required=\"required\" pattern=\"[0-9()#&amp;+*-=.]+\" title=\"Seuls les caract\u00e8res de num\u00e9ros de t\u00e9l\u00e9phone (#, -, *, etc.) sont accept\u00e9s.\">\n\n\t\t\t\t\t\t<\/div>\n\t\t\t\t\t\t\t\t<div class=\"elementor-field-type-select elementor-field-group elementor-column elementor-field-group-join_team_page_form_job_position elementor-col-33 elementor-field-required\">\n\t\t\t\t\t\t\t\t\t\t\t\t<label for=\"form-field-join_team_page_form_job_position\" class=\"elementor-field-label\">\n\t\t\t\t\t\t\t\tSp\u00e9cialit\u00e9\t\t\t\t\t\t\t<\/label>\n\t\t\t\t\t\t\t\t<div class=\"elementor-field elementor-select-wrapper remove-before \">\n\t\t\t<div class=\"select-caret-down-wrapper\">\n\t\t\t\t<i aria-hidden=\"true\" class=\"eicon-caret-down\"><\/i>\t\t\t<\/div>\n\t\t\t<select name=\"form_fields[join_team_page_form_job_position]\" id=\"form-field-join_team_page_form_job_position\" class=\"elementor-field-textual elementor-size-sm\" required=\"required\">\n\t\t\t\t\t\t\t\t\t<option value=\"\"><\/option>\n\t\t\t\t\t\t\t\t\t<option value=\"\"><\/option>\n\t\t\t\t\t\t\t\t\t<option value=\"\"><\/option>\n\t\t\t\t\t\t\t\t\t<option value=\"S\u00e9lectionnez votre sp\u00e9cialit\u00e9 Coupe femme Coupe homme Couleurs\">S\u00e9lectionnez votre sp\u00e9cialit\u00e9 Coupe femme Coupe homme Couleurs<\/option>\n\t\t\t\t\t\t\t<\/select>\n\t\t<\/div>\n\t\t\t\t\t\t<\/div>\n\t\t\t\t\t\t\t\t<div class=\"elementor-field-type-upload elementor-field-group elementor-column elementor-field-group-join_team_page_form_job_position elementor-col-66\">\n\t\t\t\t\t\t\t\t\t\t\t\t<label for=\"form-field-join_team_page_form_job_position\" class=\"elementor-field-label\">\n\t\t\t\t\t\t\t\tT\u00e9l\u00e9chargez votre CV (pdf, doc, docx, png, jpg)\t\t\t\t\t\t\t<\/label>\n\t\t\t\t\t\t\t\t<input type=\"file\" name=\"form_fields[join_team_page_form_job_position]\" id=\"form-field-join_team_page_form_job_position\" class=\"elementor-field elementor-size-sm  elementor-upload-field\" data-maxsize=\"5\" data-maxsize-message=\"Ce fichier d\u00e9passe la taille maximale autoris\u00e9e.\">\n\n\t\t\t\t\t\t<\/div>\n\t\t\t\t\t\t\t\t<div class=\"elementor-field-type-textarea elementor-field-group elementor-column elementor-field-group-contact_page_form_message elementor-col-100\">\n\t\t\t\t\t\t\t\t\t\t\t\t<label for=\"form-field-contact_page_form_message\" class=\"elementor-field-label\">\n\t\t\t\t\t\t\t\tMessage\t\t\t\t\t\t\t<\/label>\n\t\t\t\t\t\t<textarea class=\"elementor-field-textual elementor-field  elementor-size-sm\" name=\"form_fields[contact_page_form_message]\" id=\"form-field-contact_page_form_message\" rows=\"5\" placeholder=\"Tapez votre message ici\"><\/textarea>\t\t\t\t<\/div>\n\t\t\t\t\t\t\t\t<div class=\"elementor-field-group elementor-column elementor-field-type-submit elementor-col-100 e-form__buttons\">\n\t\t\t\t\t<button class=\"elementor-button elementor-size-sm\" type=\"submit\">\n\t\t\t\t\t\t<span class=\"elementor-button-content-wrapper\">\n\t\t\t\t\t\t\t\t\t\t\t\t\t\t\t\t\t\t\t\t\t\t<span class=\"elementor-button-text\">Envoyer<\/span>\n\t\t\t\t\t\t\t\t\t\t\t\t\t<\/span>\n\t\t\t\t\t<\/button>\n\t\t\t\t<\/div>\n\t\t\t<\/div>\n\t\t<\/form>\n\t\t\t\t\t\t<\/div>\n\t\t\t\t<\/div>\n\t\t\t\t\t<\/div>\n\t\t<\/div>\n\t\t\t\t\t<\/div>\n\t\t<\/section>\n\t\t\t\t<\/div>\n\t\t","protected":false},"excerpt":{"rendered":"<p>Vous \u00eates un coiffeur talentueux et passionn\u00e9, pr\u00eat \u00e0 relever un nouveau d\u00e9fi ? Rejoignez notre \u00e9quipe et grandissez avec nous ! <\/p>\n","protected":false},"author":1,"featured_media":0,"parent":989023,"menu_order":0,"comment_status":"closed","ping_status":"closed","template":"","meta":{"footnotes":""},"class_list":["post-989016","page","type-page","status-publish","hentry"],"yoast_head":"<!-- This site is optimized with the Yoast SEO plugin v26.0 - https:\/\/yoast.com\/wordpress\/plugins\/seo\/ -->\n<title>Rejoignez notre \u00e9quipe - Brecht van Dam<\/title>\n<meta name=\"description\" content=\"Rejoignez le salon Brecht van Dam \u00e0 Bruxelles et travaillez avec une \u00e9quipe de stylistes passionn\u00e9s et de qualit\u00e9.\" \/>\n<meta name=\"robots\" content=\"index, follow, max-snippet:-1, max-image-preview:large, max-video-preview:-1\" \/>\n<link rel=\"canonical\" href=\"https:\/\/brechtvandam.com\/over-ons\/kom-bij-ons-team\/\" \/>\n<meta property=\"og:locale\" content=\"fr_FR\" \/>\n<meta property=\"og:type\" content=\"article\" \/>\n<meta property=\"og:title\" content=\"Rejoignez notre \u00e9quipe - Brecht van Dam\" \/>\n<meta property=\"og:description\" content=\"Rejoignez le salon Brecht van Dam \u00e0 Bruxelles et travaillez avec une \u00e9quipe de stylistes passionn\u00e9s et de qualit\u00e9.\" \/>\n<meta property=\"og:url\" content=\"https:\/\/brechtvandam.com\/over-ons\/kom-bij-ons-team\/\" \/>\n<meta property=\"og:site_name\" content=\"Brecht van Dam\" \/>\n<meta property=\"article:modified_time\" content=\"2025-08-28T15:01:18+00:00\" \/>\n<meta property=\"og:image\" content=\"https:\/\/brechtvandam.com\/wp-content\/uploads\/2024\/10\/Team.webp\" \/>\n\t<meta property=\"og:image:width\" content=\"1638\" \/>\n\t<meta property=\"og:image:height\" content=\"921\" \/>\n\t<meta property=\"og:image:type\" content=\"image\/webp\" \/>\n<meta name=\"twitter:card\" content=\"summary_large_image\" \/>\n<meta name=\"twitter:label1\" content=\"Dur\u00e9e de lecture estim\u00e9e\" \/>\n\t<meta name=\"twitter:data1\" content=\"1 minute\" \/>\n<script type=\"application\/ld+json\" class=\"yoast-schema-graph\">{\"@context\":\"https:\/\/schema.org\",\"@graph\":[{\"@type\":\"WebPage\",\"@id\":\"https:\/\/brechtvandam.com\/over-ons\/kom-bij-ons-team\/\",\"url\":\"https:\/\/brechtvandam.com\/over-ons\/kom-bij-ons-team\/\",\"name\":\"Rejoignez notre \u00e9quipe - Brecht van Dam\",\"isPartOf\":{\"@id\":\"https:\/\/brechtvandam.com\/#website\"},\"datePublished\":\"2023-02-20T12:11:28+00:00\",\"dateModified\":\"2025-08-28T15:01:18+00:00\",\"description\":\"Rejoignez le salon Brecht van Dam \u00e0 Bruxelles et travaillez avec une \u00e9quipe de stylistes passionn\u00e9s et de qualit\u00e9.\",\"breadcrumb\":{\"@id\":\"https:\/\/brechtvandam.com\/over-ons\/kom-bij-ons-team\/#breadcrumb\"},\"inLanguage\":\"fr-FR\",\"potentialAction\":[{\"@type\":\"ReadAction\",\"target\":[\"https:\/\/brechtvandam.com\/over-ons\/kom-bij-ons-team\/\"]}]},{\"@type\":\"BreadcrumbList\",\"@id\":\"https:\/\/brechtvandam.com\/over-ons\/kom-bij-ons-team\/#breadcrumb\",\"itemListElement\":[{\"@type\":\"ListItem\",\"position\":1,\"name\":\"Home\",\"item\":\"https:\/\/brechtvandam.com\/\"},{\"@type\":\"ListItem\",\"position\":2,\"name\":\"A propos de nous\",\"item\":\"https:\/\/brechtvandam.com\/fr\/a-propos-de-nous\/\"},{\"@type\":\"ListItem\",\"position\":3,\"name\":\"Rejoignez notre \u00e9quipe\"}]},{\"@type\":\"WebSite\",\"@id\":\"https:\/\/brechtvandam.com\/#website\",\"url\":\"https:\/\/brechtvandam.com\/\",\"name\":\"Brecht van Dam\",\"description\":\"Salon in Brussel\",\"publisher\":{\"@id\":\"https:\/\/brechtvandam.com\/#organization\"},\"potentialAction\":[{\"@type\":\"SearchAction\",\"target\":{\"@type\":\"EntryPoint\",\"urlTemplate\":\"https:\/\/brechtvandam.com\/?s={search_term_string}\"},\"query-input\":{\"@type\":\"PropertyValueSpecification\",\"valueRequired\":true,\"valueName\":\"search_term_string\"}}],\"inLanguage\":\"fr-FR\"},{\"@type\":\"Organization\",\"@id\":\"https:\/\/brechtvandam.com\/#organization\",\"name\":\"Brecht van Dam\",\"url\":\"https:\/\/brechtvandam.com\/\",\"logo\":{\"@type\":\"ImageObject\",\"inLanguage\":\"fr-FR\",\"@id\":\"https:\/\/brechtvandam.com\/#\/schema\/logo\/image\/\",\"url\":\"https:\/\/brechtvandam.com\/wp-content\/uploads\/2023\/01\/Brecht-van-Dam-Logo.webp\",\"contentUrl\":\"https:\/\/brechtvandam.com\/wp-content\/uploads\/2023\/01\/Brecht-van-Dam-Logo.webp\",\"width\":799,\"height\":327,\"caption\":\"Brecht van Dam\"},\"image\":{\"@id\":\"https:\/\/brechtvandam.com\/#\/schema\/logo\/image\/\"}}]}<\/script>\n<!-- \/ Yoast SEO plugin. -->","yoast_head_json":{"title":"Rejoignez notre \u00e9quipe - Brecht van Dam","description":"Rejoignez le salon Brecht van Dam \u00e0 Bruxelles et travaillez avec une \u00e9quipe de stylistes passionn\u00e9s et de qualit\u00e9.","robots":{"index":"index","follow":"follow","max-snippet":"max-snippet:-1","max-image-preview":"max-image-preview:large","max-video-preview":"max-video-preview:-1"},"canonical":"https:\/\/brechtvandam.com\/over-ons\/kom-bij-ons-team\/","og_locale":"fr_FR","og_type":"article","og_title":"Rejoignez notre \u00e9quipe - Brecht van Dam","og_description":"Rejoignez le salon Brecht van Dam \u00e0 Bruxelles et travaillez avec une \u00e9quipe de stylistes passionn\u00e9s et de qualit\u00e9.","og_url":"https:\/\/brechtvandam.com\/over-ons\/kom-bij-ons-team\/","og_site_name":"Brecht van Dam","article_modified_time":"2025-08-28T15:01:18+00:00","og_image":[{"width":1638,"height":921,"url":"https:\/\/brechtvandam.com\/wp-content\/uploads\/2024\/10\/Team.webp","type":"image\/webp"}],"twitter_card":"summary_large_image","twitter_misc":{"Dur\u00e9e de lecture estim\u00e9e":"1 minute"},"schema":{"@context":"https:\/\/schema.org","@graph":[{"@type":"WebPage","@id":"https:\/\/brechtvandam.com\/over-ons\/kom-bij-ons-team\/","url":"https:\/\/brechtvandam.com\/over-ons\/kom-bij-ons-team\/","name":"Rejoignez notre \u00e9quipe - Brecht van Dam","isPartOf":{"@id":"https:\/\/brechtvandam.com\/#website"},"datePublished":"2023-02-20T12:11:28+00:00","dateModified":"2025-08-28T15:01:18+00:00","description":"Rejoignez le salon Brecht van Dam \u00e0 Bruxelles et travaillez avec une \u00e9quipe de stylistes passionn\u00e9s et de qualit\u00e9.","breadcrumb":{"@id":"https:\/\/brechtvandam.com\/over-ons\/kom-bij-ons-team\/#breadcrumb"},"inLanguage":"fr-FR","potentialAction":[{"@type":"ReadAction","target":["https:\/\/brechtvandam.com\/over-ons\/kom-bij-ons-team\/"]}]},{"@type":"BreadcrumbList","@id":"https:\/\/brechtvandam.com\/over-ons\/kom-bij-ons-team\/#breadcrumb","itemListElement":[{"@type":"ListItem","position":1,"name":"Home","item":"https:\/\/brechtvandam.com\/"},{"@type":"ListItem","position":2,"name":"A propos de nous","item":"https:\/\/brechtvandam.com\/fr\/a-propos-de-nous\/"},{"@type":"ListItem","position":3,"name":"Rejoignez notre \u00e9quipe"}]},{"@type":"WebSite","@id":"https:\/\/brechtvandam.com\/#website","url":"https:\/\/brechtvandam.com\/","name":"Brecht van Dam","description":"Salon in Brussel","publisher":{"@id":"https:\/\/brechtvandam.com\/#organization"},"potentialAction":[{"@type":"SearchAction","target":{"@type":"EntryPoint","urlTemplate":"https:\/\/brechtvandam.com\/?s={search_term_string}"},"query-input":{"@type":"PropertyValueSpecification","valueRequired":true,"valueName":"search_term_string"}}],"inLanguage":"fr-FR"},{"@type":"Organization","@id":"https:\/\/brechtvandam.com\/#organization","name":"Brecht van Dam","url":"https:\/\/brechtvandam.com\/","logo":{"@type":"ImageObject","inLanguage":"fr-FR","@id":"https:\/\/brechtvandam.com\/#\/schema\/logo\/image\/","url":"https:\/\/brechtvandam.com\/wp-content\/uploads\/2023\/01\/Brecht-van-Dam-Logo.webp","contentUrl":"https:\/\/brechtvandam.com\/wp-content\/uploads\/2023\/01\/Brecht-van-Dam-Logo.webp","width":799,"height":327,"caption":"Brecht van Dam"},"image":{"@id":"https:\/\/brechtvandam.com\/#\/schema\/logo\/image\/"}}]}},"_links":{"self":[{"href":"https:\/\/brechtvandam.com\/fr\/wp-json\/wp\/v2\/pages\/989016","targetHints":{"allow":["GET"]}}],"collection":[{"href":"https:\/\/brechtvandam.com\/fr\/wp-json\/wp\/v2\/pages"}],"about":[{"href":"https:\/\/brechtvandam.com\/fr\/wp-json\/wp\/v2\/types\/page"}],"author":[{"embeddable":true,"href":"https:\/\/brechtvandam.com\/fr\/wp-json\/wp\/v2\/users\/1"}],"replies":[{"embeddable":true,"href":"https:\/\/brechtvandam.com\/fr\/wp-json\/wp\/v2\/comments?post=989016"}],"version-history":[{"count":6,"href":"https:\/\/brechtvandam.com\/fr\/wp-json\/wp\/v2\/pages\/989016\/revisions"}],"predecessor-version":[{"id":989647,"href":"https:\/\/brechtvandam.com\/fr\/wp-json\/wp\/v2\/pages\/989016\/revisions\/989647"}],"up":[{"embeddable":true,"href":"https:\/\/brechtvandam.com\/fr\/wp-json\/wp\/v2\/pages\/989023"}],"wp:attachment":[{"href":"https:\/\/brechtvandam.com\/fr\/wp-json\/wp\/v2\/media?parent=989016"}],"curies":[{"name":"wp","href":"https:\/\/api.w.org\/{rel}","templated":true}]}}