{"id":989036,"date":"2023-01-04T13:05:11","date_gmt":"2023-01-04T13:05:11","guid":{"rendered":"https:\/\/brechtvandam.com\/politique-de-confidentialite\/"},"modified":"2024-11-01T09:53:38","modified_gmt":"2024-11-01T09:53:38","slug":"politique-de-confidentialite","status":"publish","type":"page","link":"https:\/\/brechtvandam.com\/fr\/politique-de-confidentialite\/","title":{"rendered":"Politique de confidentialit\u00e9"},"content":{"rendered":"\t\t<div data-elementor-type=\"wp-page\" data-elementor-id=\"989036\" class=\"elementor elementor-989036 elementor-3\" data-elementor-post-type=\"page\">\n\t\t\t\t\t\t<section class=\"elementor-section elementor-top-section elementor-element elementor-element-e00fdd1 elementor-reverse-mobile elementor-section-boxed elementor-section-height-default elementor-section-height-default\" data-id=\"e00fdd1\" data-element_type=\"section\">\n\t\t\t\t\t\t<div class=\"elementor-container elementor-column-gap-no\">\n\t\t\t\t\t<div class=\"elementor-column elementor-col-100 elementor-top-column elementor-element elementor-element-66de534\" data-id=\"66de534\" data-element_type=\"column\">\n\t\t\t<div class=\"elementor-widget-wrap elementor-element-populated\">\n\t\t\t\t\t\t<div class=\"elementor-element elementor-element-c8c3b69 elementor-widget elementor-widget-heading\" data-id=\"c8c3b69\" data-element_type=\"widget\" data-widget_type=\"heading.default\">\n\t\t\t\t<div class=\"elementor-widget-container\">\n\t\t\t\t\t<h3 class=\"elementor-heading-title elementor-size-default\">Quelles sont les donn\u00e9es collect\u00e9es ?<\/h3>\t\t\t\t<\/div>\n\t\t\t\t<\/div>\n\t\t\t\t<div class=\"elementor-element elementor-element-5d079fe elementor-widget elementor-widget-text-editor\" data-id=\"5d079fe\" data-element_type=\"widget\" data-widget_type=\"text-editor.default\">\n\t\t\t\t<div class=\"elementor-widget-container\">\n\t\t\t\t\t\t\t\t\t<p>Nous recueillons des donn\u00e9es personnelles telles que le nom, l&rsquo;adresse \u00e9lectronique et le num\u00e9ro de t\u00e9l\u00e9phone lorsque vous nous contactez ou prenez rendez-vous.<\/p>\n\t\t\t\t\t\t\t\t<\/div>\n\t\t\t\t<\/div>\n\t\t\t\t<div class=\"elementor-element elementor-element-1f9f251 elementor-widget-divider--view-line elementor-widget elementor-widget-divider\" data-id=\"1f9f251\" data-element_type=\"widget\" data-widget_type=\"divider.default\">\n\t\t\t\t<div class=\"elementor-widget-container\">\n\t\t\t\t\t\t\t<div class=\"elementor-divider\">\n\t\t\t<span class=\"elementor-divider-separator\">\n\t\t\t\t\t\t<\/span>\n\t\t<\/div>\n\t\t\t\t\t\t<\/div>\n\t\t\t\t<\/div>\n\t\t\t\t<div class=\"elementor-element elementor-element-21f93ac elementor-widget elementor-widget-heading\" data-id=\"21f93ac\" data-element_type=\"widget\" data-widget_type=\"heading.default\">\n\t\t\t\t<div class=\"elementor-widget-container\">\n\t\t\t\t\t<h3 class=\"elementor-heading-title elementor-size-default\">Comment utilisons-nous vos donn\u00e9es ?<\/h3>\t\t\t\t<\/div>\n\t\t\t\t<\/div>\n\t\t\t\t<div class=\"elementor-element elementor-element-35efba1 elementor-widget elementor-widget-text-editor\" data-id=\"35efba1\" data-element_type=\"widget\" data-widget_type=\"text-editor.default\">\n\t\t\t\t<div class=\"elementor-widget-container\">\n\t\t\t\t\t\t\t\t\t<p>Vos donn\u00e9es seront utilis\u00e9es pour la gestion des rendez-vous, la communication et la fourniture d&rsquo;informations sur nos services.<\/p>\n\t\t\t\t\t\t\t\t<\/div>\n\t\t\t\t<\/div>\n\t\t\t\t<div class=\"elementor-element elementor-element-e3bf13e elementor-widget-divider--view-line elementor-widget elementor-widget-divider\" data-id=\"e3bf13e\" data-element_type=\"widget\" data-widget_type=\"divider.default\">\n\t\t\t\t<div class=\"elementor-widget-container\">\n\t\t\t\t\t\t\t<div class=\"elementor-divider\">\n\t\t\t<span class=\"elementor-divider-separator\">\n\t\t\t\t\t\t<\/span>\n\t\t<\/div>\n\t\t\t\t\t\t<\/div>\n\t\t\t\t<\/div>\n\t\t\t\t<div class=\"elementor-element elementor-element-664ef96 elementor-widget elementor-widget-heading\" data-id=\"664ef96\" data-element_type=\"widget\" data-widget_type=\"heading.default\">\n\t\t\t\t<div class=\"elementor-widget-container\">\n\t\t\t\t\t<h3 class=\"elementor-heading-title elementor-size-default\">Protection de vos donn\u00e9es<\/h3>\t\t\t\t<\/div>\n\t\t\t\t<\/div>\n\t\t\t\t<div class=\"elementor-element elementor-element-b9d80e7 elementor-widget elementor-widget-text-editor\" data-id=\"b9d80e7\" data-element_type=\"widget\" data-widget_type=\"text-editor.default\">\n\t\t\t\t<div class=\"elementor-widget-container\">\n\t\t\t\t\t\t\t\t\t<p>Nous prenons des mesures appropri\u00e9es pour prot\u00e9ger vos donn\u00e9es contre l&rsquo;acc\u00e8s non autoris\u00e9, la perte ou l&rsquo;utilisation abusive.<\/p>\n\t\t\t\t\t\t\t\t<\/div>\n\t\t\t\t<\/div>\n\t\t\t\t<div class=\"elementor-element elementor-element-23557bf elementor-widget-divider--view-line elementor-widget elementor-widget-divider\" data-id=\"23557bf\" data-element_type=\"widget\" data-widget_type=\"divider.default\">\n\t\t\t\t<div class=\"elementor-widget-container\">\n\t\t\t\t\t\t\t<div class=\"elementor-divider\">\n\t\t\t<span class=\"elementor-divider-separator\">\n\t\t\t\t\t\t<\/span>\n\t\t<\/div>\n\t\t\t\t\t\t<\/div>\n\t\t\t\t<\/div>\n\t\t\t\t<div class=\"elementor-element elementor-element-3839614 elementor-widget elementor-widget-heading\" data-id=\"3839614\" data-element_type=\"widget\" data-widget_type=\"heading.default\">\n\t\t\t\t<div class=\"elementor-widget-container\">\n\t\t\t\t\t<h3 class=\"elementor-heading-title elementor-size-default\">Partage des donn\u00e9es<\/h3>\t\t\t\t<\/div>\n\t\t\t\t<\/div>\n\t\t\t\t<div class=\"elementor-element elementor-element-5709c09 elementor-widget elementor-widget-text-editor\" data-id=\"5709c09\" data-element_type=\"widget\" data-widget_type=\"text-editor.default\">\n\t\t\t\t<div class=\"elementor-widget-container\">\n\t\t\t\t\t\t\t\t\t<p>Nous ne partageons vos donn\u00e9es avec des tiers que lorsque cela est n\u00e9cessaire pour fournir nos services ou lorsque la loi nous y oblige.<\/p>\n\t\t\t\t\t\t\t\t<\/div>\n\t\t\t\t<\/div>\n\t\t\t\t<div class=\"elementor-element elementor-element-408bb45 elementor-widget-divider--view-line elementor-widget elementor-widget-divider\" data-id=\"408bb45\" data-element_type=\"widget\" data-widget_type=\"divider.default\">\n\t\t\t\t<div class=\"elementor-widget-container\">\n\t\t\t\t\t\t\t<div class=\"elementor-divider\">\n\t\t\t<span class=\"elementor-divider-separator\">\n\t\t\t\t\t\t<\/span>\n\t\t<\/div>\n\t\t\t\t\t\t<\/div>\n\t\t\t\t<\/div>\n\t\t\t\t<div class=\"elementor-element elementor-element-c48a79a elementor-widget elementor-widget-heading\" data-id=\"c48a79a\" data-element_type=\"widget\" data-widget_type=\"heading.default\">\n\t\t\t\t<div class=\"elementor-widget-container\">\n\t\t\t\t\t<h3 class=\"elementor-heading-title elementor-size-default\">Vos droits<\/h3>\t\t\t\t<\/div>\n\t\t\t\t<\/div>\n\t\t\t\t<div class=\"elementor-element elementor-element-b5b1166 elementor-widget elementor-widget-text-editor\" data-id=\"b5b1166\" data-element_type=\"widget\" data-widget_type=\"text-editor.default\">\n\t\t\t\t<div class=\"elementor-widget-container\">\n\t\t\t\t\t\t\t\t\t<p>Vous avez le droit d&rsquo;acc\u00e9der \u00e0 vos donn\u00e9es, de les corriger ou de les supprimer. En outre, vous pouvez vous opposer \u00e0 l&rsquo;utilisation de vos donn\u00e9es. <\/p>\n\t\t\t\t\t\t\t\t<\/div>\n\t\t\t\t<\/div>\n\t\t\t\t<div class=\"elementor-element elementor-element-96a777c elementor-widget-divider--view-line elementor-widget elementor-widget-divider\" data-id=\"96a777c\" data-element_type=\"widget\" data-widget_type=\"divider.default\">\n\t\t\t\t<div class=\"elementor-widget-container\">\n\t\t\t\t\t\t\t<div class=\"elementor-divider\">\n\t\t\t<span class=\"elementor-divider-separator\">\n\t\t\t\t\t\t<\/span>\n\t\t<\/div>\n\t\t\t\t\t\t<\/div>\n\t\t\t\t<\/div>\n\t\t\t\t<div class=\"elementor-element elementor-element-8f22275 elementor-widget elementor-widget-heading\" data-id=\"8f22275\" data-element_type=\"widget\" data-widget_type=\"heading.default\">\n\t\t\t\t<div class=\"elementor-widget-container\">\n\t\t\t\t\t<h3 class=\"elementor-heading-title elementor-size-default\">Contact<\/h3>\t\t\t\t<\/div>\n\t\t\t\t<\/div>\n\t\t\t\t<div class=\"elementor-element elementor-element-61c432f elementor-widget elementor-widget-text-editor\" data-id=\"61c432f\" data-element_type=\"widget\" data-widget_type=\"text-editor.default\">\n\t\t\t\t<div class=\"elementor-widget-container\">\n\t\t\t\t\t\t\t\t\t<p>Pour toute question concernant cette d\u00e9claration de confidentialit\u00e9, veuillez nous contacter \u00e0 l&rsquo;adresse <a href=\"mailto:salon@brechtvandam.com\">salon@brechtvandam.com<\/a> ou <a href=\"%202%%2034%tel:+32 20253 2003\">par t\u00e9l\u00e9phone<\/a>.<\/p>\n\t\t\t\t\t\t\t\t<\/div>\n\t\t\t\t<\/div>\n\t\t\t\t\t<\/div>\n\t\t<\/div>\n\t\t\t\t\t<\/div>\n\t\t<\/section>\n\t\t\t\t<\/div>\n\t\t","protected":false},"excerpt":{"rendered":"<p>Quelles sont les donn\u00e9es collect\u00e9es ? Nous recueillons des donn\u00e9es personnelles telles que le nom, l&rsquo;adresse \u00e9lectronique et le num\u00e9ro&#8230;<\/p>\n","protected":false},"author":1,"featured_media":0,"parent":0,"menu_order":0,"comment_status":"closed","ping_status":"open","template":"","meta":{"footnotes":""},"class_list":["post-989036","page","type-page","status-publish","hentry"],"yoast_head":"<!-- This site is optimized with the Yoast SEO plugin v26.0 - https:\/\/yoast.com\/wordpress\/plugins\/seo\/ -->\n<title>Politique de confidentialit\u00e9 - Brecht van Dam<\/title>\n<meta name=\"robots\" content=\"index, follow, max-snippet:-1, max-image-preview:large, max-video-preview:-1\" \/>\n<link rel=\"canonical\" href=\"https:\/\/brechtvandam.com\/fr\/politique-de-confidentialite\/\" \/>\n<meta property=\"og:locale\" content=\"fr_FR\" \/>\n<meta property=\"og:type\" content=\"article\" \/>\n<meta property=\"og:title\" content=\"Politique de confidentialit\u00e9 - Brecht van Dam\" \/>\n<meta property=\"og:description\" content=\"Quelles sont les donn\u00e9es collect\u00e9es ? Nous recueillons des donn\u00e9es personnelles telles que le nom, l&rsquo;adresse \u00e9lectronique et le num\u00e9ro...\" \/>\n<meta property=\"og:url\" content=\"https:\/\/brechtvandam.com\/fr\/politique-de-confidentialite\/\" \/>\n<meta property=\"og:site_name\" content=\"Brecht van Dam\" \/>\n<meta property=\"article:modified_time\" content=\"2024-11-01T09:53:38+00:00\" \/>\n<meta property=\"og:image\" content=\"https:\/\/brechtvandam.com\/wp-content\/uploads\/2024\/10\/Team.webp\" \/>\n\t<meta property=\"og:image:width\" content=\"1638\" \/>\n\t<meta property=\"og:image:height\" content=\"921\" \/>\n\t<meta property=\"og:image:type\" content=\"image\/webp\" \/>\n<meta name=\"twitter:card\" content=\"summary_large_image\" \/>\n<meta name=\"twitter:label1\" content=\"Dur\u00e9e de lecture estim\u00e9e\" \/>\n\t<meta name=\"twitter:data1\" content=\"1 minute\" \/>\n<script type=\"application\/ld+json\" class=\"yoast-schema-graph\">{\"@context\":\"https:\/\/schema.org\",\"@graph\":[{\"@type\":\"WebPage\",\"@id\":\"https:\/\/brechtvandam.com\/fr\/politique-de-confidentialite\/\",\"url\":\"https:\/\/brechtvandam.com\/fr\/politique-de-confidentialite\/\",\"name\":\"Politique de confidentialit\u00e9 - Brecht van Dam\",\"isPartOf\":{\"@id\":\"https:\/\/brechtvandam.com\/#website\"},\"datePublished\":\"2023-01-04T13:05:11+00:00\",\"dateModified\":\"2024-11-01T09:53:38+00:00\",\"breadcrumb\":{\"@id\":\"https:\/\/brechtvandam.com\/fr\/politique-de-confidentialite\/#breadcrumb\"},\"inLanguage\":\"fr-FR\",\"potentialAction\":[{\"@type\":\"ReadAction\",\"target\":[\"https:\/\/brechtvandam.com\/fr\/politique-de-confidentialite\/\"]}]},{\"@type\":\"BreadcrumbList\",\"@id\":\"https:\/\/brechtvandam.com\/fr\/politique-de-confidentialite\/#breadcrumb\",\"itemListElement\":[{\"@type\":\"ListItem\",\"position\":1,\"name\":\"Home\",\"item\":\"https:\/\/brechtvandam.com\/\"},{\"@type\":\"ListItem\",\"position\":2,\"name\":\"Politique de confidentialit\u00e9\"}]},{\"@type\":\"WebSite\",\"@id\":\"https:\/\/brechtvandam.com\/#website\",\"url\":\"https:\/\/brechtvandam.com\/\",\"name\":\"Brecht van Dam\",\"description\":\"Salon in Brussel\",\"publisher\":{\"@id\":\"https:\/\/brechtvandam.com\/#organization\"},\"potentialAction\":[{\"@type\":\"SearchAction\",\"target\":{\"@type\":\"EntryPoint\",\"urlTemplate\":\"https:\/\/brechtvandam.com\/?s={search_term_string}\"},\"query-input\":{\"@type\":\"PropertyValueSpecification\",\"valueRequired\":true,\"valueName\":\"search_term_string\"}}],\"inLanguage\":\"fr-FR\"},{\"@type\":\"Organization\",\"@id\":\"https:\/\/brechtvandam.com\/#organization\",\"name\":\"Brecht van Dam\",\"url\":\"https:\/\/brechtvandam.com\/\",\"logo\":{\"@type\":\"ImageObject\",\"inLanguage\":\"fr-FR\",\"@id\":\"https:\/\/brechtvandam.com\/#\/schema\/logo\/image\/\",\"url\":\"https:\/\/brechtvandam.com\/wp-content\/uploads\/2023\/01\/Brecht-van-Dam-Logo.webp\",\"contentUrl\":\"https:\/\/brechtvandam.com\/wp-content\/uploads\/2023\/01\/Brecht-van-Dam-Logo.webp\",\"width\":799,\"height\":327,\"caption\":\"Brecht van Dam\"},\"image\":{\"@id\":\"https:\/\/brechtvandam.com\/#\/schema\/logo\/image\/\"}}]}<\/script>\n<!-- \/ Yoast SEO plugin. -->","yoast_head_json":{"title":"Politique de confidentialit\u00e9 - Brecht van Dam","robots":{"index":"index","follow":"follow","max-snippet":"max-snippet:-1","max-image-preview":"max-image-preview:large","max-video-preview":"max-video-preview:-1"},"canonical":"https:\/\/brechtvandam.com\/fr\/politique-de-confidentialite\/","og_locale":"fr_FR","og_type":"article","og_title":"Politique de confidentialit\u00e9 - Brecht van Dam","og_description":"Quelles sont les donn\u00e9es collect\u00e9es ? Nous recueillons des donn\u00e9es personnelles telles que le nom, l&rsquo;adresse \u00e9lectronique et le num\u00e9ro...","og_url":"https:\/\/brechtvandam.com\/fr\/politique-de-confidentialite\/","og_site_name":"Brecht van Dam","article_modified_time":"2024-11-01T09:53:38+00:00","og_image":[{"width":1638,"height":921,"url":"https:\/\/brechtvandam.com\/wp-content\/uploads\/2024\/10\/Team.webp","type":"image\/webp"}],"twitter_card":"summary_large_image","twitter_misc":{"Dur\u00e9e de lecture estim\u00e9e":"1 minute"},"schema":{"@context":"https:\/\/schema.org","@graph":[{"@type":"WebPage","@id":"https:\/\/brechtvandam.com\/fr\/politique-de-confidentialite\/","url":"https:\/\/brechtvandam.com\/fr\/politique-de-confidentialite\/","name":"Politique de confidentialit\u00e9 - Brecht van Dam","isPartOf":{"@id":"https:\/\/brechtvandam.com\/#website"},"datePublished":"2023-01-04T13:05:11+00:00","dateModified":"2024-11-01T09:53:38+00:00","breadcrumb":{"@id":"https:\/\/brechtvandam.com\/fr\/politique-de-confidentialite\/#breadcrumb"},"inLanguage":"fr-FR","potentialAction":[{"@type":"ReadAction","target":["https:\/\/brechtvandam.com\/fr\/politique-de-confidentialite\/"]}]},{"@type":"BreadcrumbList","@id":"https:\/\/brechtvandam.com\/fr\/politique-de-confidentialite\/#breadcrumb","itemListElement":[{"@type":"ListItem","position":1,"name":"Home","item":"https:\/\/brechtvandam.com\/"},{"@type":"ListItem","position":2,"name":"Politique de confidentialit\u00e9"}]},{"@type":"WebSite","@id":"https:\/\/brechtvandam.com\/#website","url":"https:\/\/brechtvandam.com\/","name":"Brecht van Dam","description":"Salon in Brussel","publisher":{"@id":"https:\/\/brechtvandam.com\/#organization"},"potentialAction":[{"@type":"SearchAction","target":{"@type":"EntryPoint","urlTemplate":"https:\/\/brechtvandam.com\/?s={search_term_string}"},"query-input":{"@type":"PropertyValueSpecification","valueRequired":true,"valueName":"search_term_string"}}],"inLanguage":"fr-FR"},{"@type":"Organization","@id":"https:\/\/brechtvandam.com\/#organization","name":"Brecht van Dam","url":"https:\/\/brechtvandam.com\/","logo":{"@type":"ImageObject","inLanguage":"fr-FR","@id":"https:\/\/brechtvandam.com\/#\/schema\/logo\/image\/","url":"https:\/\/brechtvandam.com\/wp-content\/uploads\/2023\/01\/Brecht-van-Dam-Logo.webp","contentUrl":"https:\/\/brechtvandam.com\/wp-content\/uploads\/2023\/01\/Brecht-van-Dam-Logo.webp","width":799,"height":327,"caption":"Brecht van Dam"},"image":{"@id":"https:\/\/brechtvandam.com\/#\/schema\/logo\/image\/"}}]}},"_links":{"self":[{"href":"https:\/\/brechtvandam.com\/fr\/wp-json\/wp\/v2\/pages\/989036","targetHints":{"allow":["GET"]}}],"collection":[{"href":"https:\/\/brechtvandam.com\/fr\/wp-json\/wp\/v2\/pages"}],"about":[{"href":"https:\/\/brechtvandam.com\/fr\/wp-json\/wp\/v2\/types\/page"}],"author":[{"embeddable":true,"href":"https:\/\/brechtvandam.com\/fr\/wp-json\/wp\/v2\/users\/1"}],"replies":[{"embeddable":true,"href":"https:\/\/brechtvandam.com\/fr\/wp-json\/wp\/v2\/comments?post=989036"}],"version-history":[{"count":0,"href":"https:\/\/brechtvandam.com\/fr\/wp-json\/wp\/v2\/pages\/989036\/revisions"}],"wp:attachment":[{"href":"https:\/\/brechtvandam.com\/fr\/wp-json\/wp\/v2\/media?parent=989036"}],"curies":[{"name":"wp","href":"https:\/\/api.w.org\/{rel}","templated":true}]}}