{"id":989735,"date":"2025-10-15T13:39:39","date_gmt":"2025-10-15T13:39:39","guid":{"rendered":"https:\/\/brechtvandam.com\/editorial-work\/"},"modified":"2025-10-20T13:42:39","modified_gmt":"2025-10-20T13:42:39","slug":"editorial-work","status":"publish","type":"page","link":"https:\/\/brechtvandam.com\/fr\/editorial-work\/","title":{"rendered":"Travail \u00e9ditorial"},"content":{"rendered":"\t\t<div data-elementor-type=\"wp-page\" data-elementor-id=\"989735\" class=\"elementor elementor-989735 elementor-989715\" data-elementor-post-type=\"page\">\n\t\t\t\t\t\t<section class=\"elementor-section elementor-top-section elementor-element elementor-element-82994fa elementor-section-boxed elementor-section-height-default elementor-section-height-default\" data-id=\"82994fa\" data-element_type=\"section\" data-settings=\"{&quot;background_background&quot;:&quot;classic&quot;}\">\n\t\t\t\t\t\t<div class=\"elementor-container elementor-column-gap-no\">\n\t\t\t\t\t<div class=\"elementor-column elementor-col-33 elementor-top-column elementor-element elementor-element-d7f861d\" data-id=\"d7f861d\" data-element_type=\"column\">\n\t\t\t<div class=\"elementor-widget-wrap elementor-element-populated\">\n\t\t\t\t\t\t<div class=\"elementor-element elementor-element-f3005f4 elementor-widget elementor-widget-image\" data-id=\"f3005f4\" data-element_type=\"widget\" data-widget_type=\"image.default\">\n\t\t\t\t<div class=\"elementor-widget-container\">\n\t\t\t\t\t\t\t\t\t\t\t\t\t\t\t\t<a href=\"https:\/\/brechtvandam.com\/wp-content\/uploads\/2025\/10\/WhatsApp-Image-2025-10-06-at-12.41.49.jpeg\" data-elementor-open-lightbox=\"yes\" data-e-action-hash=\"#elementor-action%3Aaction%3Dlightbox%26settings%3DeyJpZCI6OTg5NzE5LCJ1cmwiOiJodHRwczpcL1wvYnJlY2h0dmFuZGFtLmNvbVwvd3AtY29udGVudFwvdXBsb2Fkc1wvMjAyNVwvMTBcL1doYXRzQXBwLUltYWdlLTIwMjUtMTAtMDYtYXQtMTIuNDEuNDkuanBlZyJ9\">\n\t\t\t\t\t\t\t<img fetchpriority=\"high\" decoding=\"async\" width=\"768\" height=\"1024\" src=\"https:\/\/brechtvandam.com\/wp-content\/uploads\/2025\/10\/WhatsApp-Image-2025-10-06-at-12.41.49-768x1024.jpeg\" class=\"attachment-large size-large wp-image-989719\" alt=\"\" srcset=\"https:\/\/brechtvandam.com\/wp-content\/uploads\/2025\/10\/WhatsApp-Image-2025-10-06-at-12.41.49-768x1024.jpeg 768w, https:\/\/brechtvandam.com\/wp-content\/uploads\/2025\/10\/WhatsApp-Image-2025-10-06-at-12.41.49-225x300.jpeg 225w, https:\/\/brechtvandam.com\/wp-content\/uploads\/2025\/10\/WhatsApp-Image-2025-10-06-at-12.41.49-1152x1536.jpeg 1152w, https:\/\/brechtvandam.com\/wp-content\/uploads\/2025\/10\/WhatsApp-Image-2025-10-06-at-12.41.49.jpeg 1536w\" sizes=\"(max-width: 768px) 100vw, 768px\" \/>\t\t\t\t\t\t\t\t<\/a>\n\t\t\t\t\t\t\t\t\t\t\t\t\t\t\t<\/div>\n\t\t\t\t<\/div>\n\t\t\t\t\t<\/div>\n\t\t<\/div>\n\t\t\t\t<div class=\"elementor-column elementor-col-33 elementor-top-column elementor-element elementor-element-d18860f\" data-id=\"d18860f\" data-element_type=\"column\">\n\t\t\t<div class=\"elementor-widget-wrap elementor-element-populated\">\n\t\t\t\t\t\t<div class=\"elementor-element elementor-element-b7f004f elementor-widget elementor-widget-image\" data-id=\"b7f004f\" data-element_type=\"widget\" data-widget_type=\"image.default\">\n\t\t\t\t<div class=\"elementor-widget-container\">\n\t\t\t\t\t\t\t\t\t\t\t\t\t\t\t\t<a href=\"https:\/\/brechtvandam.com\/wp-content\/uploads\/2025\/10\/WhatsApp-Image-2025-10-06-at-12.41.49-1.jpeg\" data-elementor-open-lightbox=\"yes\" data-e-action-hash=\"#elementor-action%3Aaction%3Dlightbox%26settings%3DeyJpZCI6OTg5NzIyLCJ1cmwiOiJodHRwczpcL1wvYnJlY2h0dmFuZGFtLmNvbVwvd3AtY29udGVudFwvdXBsb2Fkc1wvMjAyNVwvMTBcL1doYXRzQXBwLUltYWdlLTIwMjUtMTAtMDYtYXQtMTIuNDEuNDktMS5qcGVnIn0%3D\">\n\t\t\t\t\t\t\t<img decoding=\"async\" width=\"768\" height=\"1024\" src=\"https:\/\/brechtvandam.com\/wp-content\/uploads\/2025\/10\/WhatsApp-Image-2025-10-06-at-12.41.49-1-768x1024.jpeg\" class=\"attachment-large size-large wp-image-989722\" alt=\"\" srcset=\"https:\/\/brechtvandam.com\/wp-content\/uploads\/2025\/10\/WhatsApp-Image-2025-10-06-at-12.41.49-1-768x1024.jpeg 768w, https:\/\/brechtvandam.com\/wp-content\/uploads\/2025\/10\/WhatsApp-Image-2025-10-06-at-12.41.49-1-225x300.jpeg 225w, https:\/\/brechtvandam.com\/wp-content\/uploads\/2025\/10\/WhatsApp-Image-2025-10-06-at-12.41.49-1-1152x1536.jpeg 1152w, https:\/\/brechtvandam.com\/wp-content\/uploads\/2025\/10\/WhatsApp-Image-2025-10-06-at-12.41.49-1.jpeg 1536w\" sizes=\"(max-width: 768px) 100vw, 768px\" \/>\t\t\t\t\t\t\t\t<\/a>\n\t\t\t\t\t\t\t\t\t\t\t\t\t\t\t<\/div>\n\t\t\t\t<\/div>\n\t\t\t\t\t<\/div>\n\t\t<\/div>\n\t\t\t\t<div class=\"elementor-column elementor-col-33 elementor-top-column elementor-element elementor-element-d4260a3\" data-id=\"d4260a3\" data-element_type=\"column\">\n\t\t\t<div class=\"elementor-widget-wrap elementor-element-populated\">\n\t\t\t\t\t\t<div class=\"elementor-element elementor-element-86536ed elementor-widget elementor-widget-image\" data-id=\"86536ed\" data-element_type=\"widget\" data-widget_type=\"image.default\">\n\t\t\t\t<div class=\"elementor-widget-container\">\n\t\t\t\t\t\t\t\t\t\t\t\t\t\t\t\t<a href=\"https:\/\/brechtvandam.com\/wp-content\/uploads\/2025\/10\/WhatsApp-Image-2025-10-06-at-12.41.49-3.jpeg\" data-elementor-open-lightbox=\"yes\" data-e-action-hash=\"#elementor-action%3Aaction%3Dlightbox%26settings%3DeyJpZCI6OTg5NzI1LCJ1cmwiOiJodHRwczpcL1wvYnJlY2h0dmFuZGFtLmNvbVwvd3AtY29udGVudFwvdXBsb2Fkc1wvMjAyNVwvMTBcL1doYXRzQXBwLUltYWdlLTIwMjUtMTAtMDYtYXQtMTIuNDEuNDktMy5qcGVnIn0%3D\">\n\t\t\t\t\t\t\t<img decoding=\"async\" width=\"824\" height=\"1024\" src=\"https:\/\/brechtvandam.com\/wp-content\/uploads\/2025\/10\/WhatsApp-Image-2025-10-06-at-12.41.49-3-824x1024.jpeg\" class=\"attachment-large size-large wp-image-989725\" alt=\"\" srcset=\"https:\/\/brechtvandam.com\/wp-content\/uploads\/2025\/10\/WhatsApp-Image-2025-10-06-at-12.41.49-3-824x1024.jpeg 824w, https:\/\/brechtvandam.com\/wp-content\/uploads\/2025\/10\/WhatsApp-Image-2025-10-06-at-12.41.49-3-241x300.jpeg 241w, https:\/\/brechtvandam.com\/wp-content\/uploads\/2025\/10\/WhatsApp-Image-2025-10-06-at-12.41.49-3-768x954.jpeg 768w, https:\/\/brechtvandam.com\/wp-content\/uploads\/2025\/10\/WhatsApp-Image-2025-10-06-at-12.41.49-3.jpeg 1179w\" sizes=\"(max-width: 824px) 100vw, 824px\" \/>\t\t\t\t\t\t\t\t<\/a>\n\t\t\t\t\t\t\t\t\t\t\t\t\t\t\t<\/div>\n\t\t\t\t<\/div>\n\t\t\t\t\t<\/div>\n\t\t<\/div>\n\t\t\t\t\t<\/div>\n\t\t<\/section>\n\t\t\t\t<section class=\"elementor-section elementor-top-section elementor-element elementor-element-10c0264 elementor-section-height-min-height elementor-section-items-stretch elementor-section-boxed elementor-section-height-default\" data-id=\"10c0264\" data-element_type=\"section\">\n\t\t\t\t\t\t<div class=\"elementor-container elementor-column-gap-no\">\n\t\t\t\t\t<div class=\"elementor-column elementor-col-50 elementor-top-column elementor-element elementor-element-bf91210\" data-id=\"bf91210\" data-element_type=\"column\">\n\t\t\t<div class=\"elementor-widget-wrap elementor-element-populated\">\n\t\t\t\t\t\t<div class=\"elementor-element elementor-element-9ea4946 elementor-widget elementor-widget-heading\" data-id=\"9ea4946\" data-element_type=\"widget\" data-widget_type=\"heading.default\">\n\t\t\t\t<div class=\"elementor-widget-container\">\n\t\t\t\t\t<h2 class=\"elementor-heading-title elementor-size-default\">Collaboration<\/h2>\t\t\t\t<\/div>\n\t\t\t\t<\/div>\n\t\t\t\t\t<\/div>\n\t\t<\/div>\n\t\t\t\t<div class=\"elementor-column elementor-col-50 elementor-top-column elementor-element elementor-element-ffe01a1\" data-id=\"ffe01a1\" data-element_type=\"column\">\n\t\t\t<div class=\"elementor-widget-wrap elementor-element-populated\">\n\t\t\t\t\t\t<div class=\"elementor-element elementor-element-0e0ea33 elementor-widget elementor-widget-text-editor\" data-id=\"0e0ea33\" data-element_type=\"widget\" data-widget_type=\"text-editor.default\">\n\t\t\t\t<div class=\"elementor-widget-container\">\n\t\t\t\t\t\t\t\t\t<p>Je collabore avec des photographes, des cr\u00e9ateurs de mode, des stylistes et des \u00e9quipes cr\u00e9atives qui recherchent authenticit\u00e9, pr\u00e9cision et profondeur dans leurs projets \u00e9ditoriaux ou en coulisses.<\/p><p>Pour toute collaboration, commande ou partenariat cr\u00e9atif, contactez-nous \u00e0 l&rsquo;adresse <span style=\"text-decoration: underline;\"><a href=\"mailto:brecht@brechtvandam.com\">brecht@brechtvandam.com<\/a><\/span> ou via Instagram. Cr\u00e9ons des images qui transcendent les apparences.<\/p>\t\t\t\t\t\t\t\t<\/div>\n\t\t\t\t<\/div>\n\t\t\t\t\t<\/div>\n\t\t<\/div>\n\t\t\t\t\t<\/div>\n\t\t<\/section>\n\t\t\t\t<\/div>\n\t\t","protected":false},"excerpt":{"rendered":"<p>Une exploration raffin\u00e9e de la forme, de la texture et de l&rsquo;\u00e9motion, o\u00f9 la chevelure transcende la beaut\u00e9 et devient design.<\/p>\n<p>Chaque cr\u00e9ation est guid\u00e9e par l&rsquo;intuition, la structure et la lumi\u00e8re, alliant savoir-faire et direction artistique pour fa\u00e7onner un langage visuel \u00e0 la fois intemporel et vivant.<\/p>\n","protected":false},"author":1,"featured_media":0,"parent":0,"menu_order":0,"comment_status":"closed","ping_status":"closed","template":"","meta":{"footnotes":""},"class_list":["post-989735","page","type-page","status-publish","hentry"],"yoast_head":"<!-- This site is optimized with the Yoast SEO plugin v26.0 - https:\/\/yoast.com\/wordpress\/plugins\/seo\/ -->\n<title>Travail \u00e9ditorial - Brecht van Dam<\/title>\n<meta name=\"robots\" content=\"index, follow, max-snippet:-1, max-image-preview:large, max-video-preview:-1\" \/>\n<link rel=\"canonical\" href=\"https:\/\/brechtvandam.com\/fr\/editorial-work\/\" \/>\n<meta property=\"og:locale\" content=\"fr_FR\" \/>\n<meta property=\"og:type\" content=\"article\" \/>\n<meta property=\"og:title\" content=\"Travail \u00e9ditorial - Brecht van Dam\" \/>\n<meta property=\"og:description\" content=\"Une exploration raffin\u00e9e de la forme, de la texture et de l&#039;\u00e9motion, o\u00f9 la chevelure transcende la beaut\u00e9 et devient design. Chaque cr\u00e9ation est guid\u00e9e par l&#039;intuition, la structure et la lumi\u00e8re, alliant savoir-faire et direction artistique pour fa\u00e7onner un langage visuel \u00e0 la fois intemporel et vivant.\" \/>\n<meta property=\"og:url\" content=\"https:\/\/brechtvandam.com\/fr\/editorial-work\/\" \/>\n<meta property=\"og:site_name\" content=\"Brecht van Dam\" \/>\n<meta property=\"article:modified_time\" content=\"2025-10-20T13:42:39+00:00\" \/>\n<meta property=\"og:image\" content=\"https:\/\/brechtvandam.com\/wp-content\/uploads\/2025\/10\/WhatsApp-Image-2025-10-06-at-12.41.49-768x1024.jpeg\" \/>\n<meta name=\"twitter:card\" content=\"summary_large_image\" \/>\n<meta name=\"twitter:label1\" content=\"Dur\u00e9e de lecture estim\u00e9e\" \/>\n\t<meta name=\"twitter:data1\" content=\"1 minute\" \/>\n<script type=\"application\/ld+json\" class=\"yoast-schema-graph\">{\"@context\":\"https:\/\/schema.org\",\"@graph\":[{\"@type\":\"WebPage\",\"@id\":\"https:\/\/brechtvandam.com\/fr\/editorial-work\/\",\"url\":\"https:\/\/brechtvandam.com\/fr\/editorial-work\/\",\"name\":\"Travail \u00e9ditorial - Brecht van Dam\",\"isPartOf\":{\"@id\":\"https:\/\/brechtvandam.com\/#website\"},\"primaryImageOfPage\":{\"@id\":\"https:\/\/brechtvandam.com\/fr\/editorial-work\/#primaryimage\"},\"image\":{\"@id\":\"https:\/\/brechtvandam.com\/fr\/editorial-work\/#primaryimage\"},\"thumbnailUrl\":\"https:\/\/brechtvandam.com\/wp-content\/uploads\/2025\/10\/WhatsApp-Image-2025-10-06-at-12.41.49-768x1024.jpeg\",\"datePublished\":\"2025-10-15T13:39:39+00:00\",\"dateModified\":\"2025-10-20T13:42:39+00:00\",\"breadcrumb\":{\"@id\":\"https:\/\/brechtvandam.com\/fr\/editorial-work\/#breadcrumb\"},\"inLanguage\":\"fr-FR\",\"potentialAction\":[{\"@type\":\"ReadAction\",\"target\":[\"https:\/\/brechtvandam.com\/fr\/editorial-work\/\"]}]},{\"@type\":\"ImageObject\",\"inLanguage\":\"fr-FR\",\"@id\":\"https:\/\/brechtvandam.com\/fr\/editorial-work\/#primaryimage\",\"url\":\"https:\/\/brechtvandam.com\/wp-content\/uploads\/2025\/10\/WhatsApp-Image-2025-10-06-at-12.41.49-768x1024.jpeg\",\"contentUrl\":\"https:\/\/brechtvandam.com\/wp-content\/uploads\/2025\/10\/WhatsApp-Image-2025-10-06-at-12.41.49-768x1024.jpeg\"},{\"@type\":\"BreadcrumbList\",\"@id\":\"https:\/\/brechtvandam.com\/fr\/editorial-work\/#breadcrumb\",\"itemListElement\":[{\"@type\":\"ListItem\",\"position\":1,\"name\":\"Home\",\"item\":\"https:\/\/brechtvandam.com\/\"},{\"@type\":\"ListItem\",\"position\":2,\"name\":\"Travail \u00e9ditorial\"}]},{\"@type\":\"WebSite\",\"@id\":\"https:\/\/brechtvandam.com\/#website\",\"url\":\"https:\/\/brechtvandam.com\/\",\"name\":\"Brecht van Dam\",\"description\":\"Salon in Brussel\",\"publisher\":{\"@id\":\"https:\/\/brechtvandam.com\/#organization\"},\"potentialAction\":[{\"@type\":\"SearchAction\",\"target\":{\"@type\":\"EntryPoint\",\"urlTemplate\":\"https:\/\/brechtvandam.com\/?s={search_term_string}\"},\"query-input\":{\"@type\":\"PropertyValueSpecification\",\"valueRequired\":true,\"valueName\":\"search_term_string\"}}],\"inLanguage\":\"fr-FR\"},{\"@type\":\"Organization\",\"@id\":\"https:\/\/brechtvandam.com\/#organization\",\"name\":\"Brecht van Dam\",\"url\":\"https:\/\/brechtvandam.com\/\",\"logo\":{\"@type\":\"ImageObject\",\"inLanguage\":\"fr-FR\",\"@id\":\"https:\/\/brechtvandam.com\/#\/schema\/logo\/image\/\",\"url\":\"https:\/\/brechtvandam.com\/wp-content\/uploads\/2023\/01\/Brecht-van-Dam-Logo.webp\",\"contentUrl\":\"https:\/\/brechtvandam.com\/wp-content\/uploads\/2023\/01\/Brecht-van-Dam-Logo.webp\",\"width\":799,\"height\":327,\"caption\":\"Brecht van Dam\"},\"image\":{\"@id\":\"https:\/\/brechtvandam.com\/#\/schema\/logo\/image\/\"}}]}<\/script>\n<!-- \/ Yoast SEO plugin. -->","yoast_head_json":{"title":"Travail \u00e9ditorial - Brecht van Dam","robots":{"index":"index","follow":"follow","max-snippet":"max-snippet:-1","max-image-preview":"max-image-preview:large","max-video-preview":"max-video-preview:-1"},"canonical":"https:\/\/brechtvandam.com\/fr\/editorial-work\/","og_locale":"fr_FR","og_type":"article","og_title":"Travail \u00e9ditorial - Brecht van Dam","og_description":"Une exploration raffin\u00e9e de la forme, de la texture et de l'\u00e9motion, o\u00f9 la chevelure transcende la beaut\u00e9 et devient design. Chaque cr\u00e9ation est guid\u00e9e par l'intuition, la structure et la lumi\u00e8re, alliant savoir-faire et direction artistique pour fa\u00e7onner un langage visuel \u00e0 la fois intemporel et vivant.","og_url":"https:\/\/brechtvandam.com\/fr\/editorial-work\/","og_site_name":"Brecht van Dam","article_modified_time":"2025-10-20T13:42:39+00:00","og_image":[{"url":"https:\/\/brechtvandam.com\/wp-content\/uploads\/2025\/10\/WhatsApp-Image-2025-10-06-at-12.41.49-768x1024.jpeg","type":"","width":"","height":""}],"twitter_card":"summary_large_image","twitter_misc":{"Dur\u00e9e de lecture estim\u00e9e":"1 minute"},"schema":{"@context":"https:\/\/schema.org","@graph":[{"@type":"WebPage","@id":"https:\/\/brechtvandam.com\/fr\/editorial-work\/","url":"https:\/\/brechtvandam.com\/fr\/editorial-work\/","name":"Travail \u00e9ditorial - Brecht van Dam","isPartOf":{"@id":"https:\/\/brechtvandam.com\/#website"},"primaryImageOfPage":{"@id":"https:\/\/brechtvandam.com\/fr\/editorial-work\/#primaryimage"},"image":{"@id":"https:\/\/brechtvandam.com\/fr\/editorial-work\/#primaryimage"},"thumbnailUrl":"https:\/\/brechtvandam.com\/wp-content\/uploads\/2025\/10\/WhatsApp-Image-2025-10-06-at-12.41.49-768x1024.jpeg","datePublished":"2025-10-15T13:39:39+00:00","dateModified":"2025-10-20T13:42:39+00:00","breadcrumb":{"@id":"https:\/\/brechtvandam.com\/fr\/editorial-work\/#breadcrumb"},"inLanguage":"fr-FR","potentialAction":[{"@type":"ReadAction","target":["https:\/\/brechtvandam.com\/fr\/editorial-work\/"]}]},{"@type":"ImageObject","inLanguage":"fr-FR","@id":"https:\/\/brechtvandam.com\/fr\/editorial-work\/#primaryimage","url":"https:\/\/brechtvandam.com\/wp-content\/uploads\/2025\/10\/WhatsApp-Image-2025-10-06-at-12.41.49-768x1024.jpeg","contentUrl":"https:\/\/brechtvandam.com\/wp-content\/uploads\/2025\/10\/WhatsApp-Image-2025-10-06-at-12.41.49-768x1024.jpeg"},{"@type":"BreadcrumbList","@id":"https:\/\/brechtvandam.com\/fr\/editorial-work\/#breadcrumb","itemListElement":[{"@type":"ListItem","position":1,"name":"Home","item":"https:\/\/brechtvandam.com\/"},{"@type":"ListItem","position":2,"name":"Travail \u00e9ditorial"}]},{"@type":"WebSite","@id":"https:\/\/brechtvandam.com\/#website","url":"https:\/\/brechtvandam.com\/","name":"Brecht van Dam","description":"Salon in Brussel","publisher":{"@id":"https:\/\/brechtvandam.com\/#organization"},"potentialAction":[{"@type":"SearchAction","target":{"@type":"EntryPoint","urlTemplate":"https:\/\/brechtvandam.com\/?s={search_term_string}"},"query-input":{"@type":"PropertyValueSpecification","valueRequired":true,"valueName":"search_term_string"}}],"inLanguage":"fr-FR"},{"@type":"Organization","@id":"https:\/\/brechtvandam.com\/#organization","name":"Brecht van Dam","url":"https:\/\/brechtvandam.com\/","logo":{"@type":"ImageObject","inLanguage":"fr-FR","@id":"https:\/\/brechtvandam.com\/#\/schema\/logo\/image\/","url":"https:\/\/brechtvandam.com\/wp-content\/uploads\/2023\/01\/Brecht-van-Dam-Logo.webp","contentUrl":"https:\/\/brechtvandam.com\/wp-content\/uploads\/2023\/01\/Brecht-van-Dam-Logo.webp","width":799,"height":327,"caption":"Brecht van Dam"},"image":{"@id":"https:\/\/brechtvandam.com\/#\/schema\/logo\/image\/"}}]}},"_links":{"self":[{"href":"https:\/\/brechtvandam.com\/fr\/wp-json\/wp\/v2\/pages\/989735","targetHints":{"allow":["GET"]}}],"collection":[{"href":"https:\/\/brechtvandam.com\/fr\/wp-json\/wp\/v2\/pages"}],"about":[{"href":"https:\/\/brechtvandam.com\/fr\/wp-json\/wp\/v2\/types\/page"}],"author":[{"embeddable":true,"href":"https:\/\/brechtvandam.com\/fr\/wp-json\/wp\/v2\/users\/1"}],"replies":[{"embeddable":true,"href":"https:\/\/brechtvandam.com\/fr\/wp-json\/wp\/v2\/comments?post=989735"}],"version-history":[{"count":6,"href":"https:\/\/brechtvandam.com\/fr\/wp-json\/wp\/v2\/pages\/989735\/revisions"}],"predecessor-version":[{"id":989747,"href":"https:\/\/brechtvandam.com\/fr\/wp-json\/wp\/v2\/pages\/989735\/revisions\/989747"}],"wp:attachment":[{"href":"https:\/\/brechtvandam.com\/fr\/wp-json\/wp\/v2\/media?parent=989735"}],"curies":[{"name":"wp","href":"https:\/\/api.w.org\/{rel}","templated":true}]}}